{"id":375,"date":"2017-03-06T22:41:20","date_gmt":"2017-03-06T22:41:20","guid":{"rendered":"http:\/\/faunaautoctona.com\/web\/?page_id=375"},"modified":"2017-03-06T22:41:20","modified_gmt":"2017-03-06T22:41:20","slug":"criando-jilguero-angel-garoz","status":"publish","type":"page","link":"http:\/\/faunaautoctona.com\/web\/criando-jilguero-angel-garoz\/","title":{"rendered":"Criando Jilguero (Angel Garoz)"},"content":{"rendered":"\n<p>Por \u00c1ngel Garoz L\u00f3pez<\/p>\n<p>Presentaci\u00f3n.<\/p>\n<p>Cr\u00edo Jilgueros (Carduelis carduelis) desde hace 25 a\u00f1os, aunque tambi\u00e9n he criado otras<br \/>\nespecies de Fring\u00edlidos como Verdecillos, Cardenalitos, Cabecitas, Alarios y sus<br \/>\nh\u00edbridos.<br \/>\nEn la actualidad me dedico en exclusiva al Jilguero europeo tanto cl\u00e1sico como mutado<br \/>\ny a la subespecie ib\u00e9rica del mismo.<\/p>\n<p>Lo que hemos visto hasta ahora.<\/p>\n<p>Hasta ahora los art\u00edculos o libros que hemos le\u00eddo iban firmados por autores italianos o<br \/>\nbelgas. Nos hablan de voladeras e instalaciones de grandes dimensiones, con instalaciones avanzad\u00edsimas y del empleo de mixturas y pastas que en nuestro pa\u00eds apenas se comercializan y son dif\u00edciles de encontrar.<br \/>\nLos art\u00edculos de criadores espa\u00f1oles se han caracterizado por la publicaci\u00f3n de fotograf\u00edas de grandes voladeras ocupadas por p\u00e1jaros con anillas extranjeras, sin publicar fotograf\u00edas de parejas criando o de pollos en el nido.<br \/>\nMi experiencia me ha hecho darme cuenta que el \u00e9xito en la cr\u00eda de jilgueros no depende de poseer grandes y modernas instalaciones, ni de contar con un gran n\u00famero de ejemplares, ni de emplear semillas m\u00e1s o menos milagrosas y ex\u00f3ticas.<\/p>\n<p>De lo que dispongo.<\/p>\n<p>Vivo en un piso de la ciudad de Guadalajara (Espa\u00f1a), y como la mayor\u00eda de los habitantes de las ciudades, dispongo de poco espacio. Mi criadero est\u00e1 situado en una terraza acristalada de 5 m2.<br \/>\nTengo mis ejemplares distribuidos en 12 jaulas de 50 cm , colocadas todas ellas en un<br \/>\narmario hecho a la medida.<\/p>\n<p>En mi ciudad los comercios dedicados ala ornitolog\u00eda disponen de escasa variedad de<br \/>\nmixturas y semillas, as\u00ed que he optado por lo sencillo:<\/p>\n<p>-Mezcla de semillas para canarios enriquecida con negrillo y perilla durante la \u00e9poca de<br \/>\ncr\u00eda.<\/p>\n<p>-Alpiste s\u00f3lo durante el resto del a\u00f1o.<\/p>\n<p>Diferencias entre la cr\u00eda del Jilguero y la del Canario.<\/p>\n<p>Al contrario de los canarios, los jilgueros no llevan 400 a\u00f1os siendo criados en cautividad, por lo tanto a\u00fan est\u00e1n en proceso de domesticaci\u00f3n pues no se han habituado del todo a la alimentaci\u00f3n que se les ofrece ni a las enfermedades consecuentes de la vida cautiva.<\/p>\n<p>Los jilgueros de captura son intranquilos y ariscos. Para tener p\u00e1jaros mansos deberemos optar por criar con los nacidos en cautividad o por los que a pesar de provenir de captura, lleven varios a\u00f1os viviendo en cautividad.<\/p>\n<p>La mansedumbre es el elemento clave para que no teman al hombre y as\u00ed las hembras entren en celo, nidifiquen, realicen la puesta en el nido, incuben y alimenten a los<br \/>\npollos.<br \/>\nSi una hembra tiene miedo y se siente insegura perderemos el tiempo, pues nunca criar\u00e1.<\/p>\n<p>Todos hemos criado o conocemos a alguien que ha criado h\u00edbridos de Jilguero x Canaria, tambi\u00e9n conocidos como Mixtos. En esos casos se trata de un macho de jilguero que se limita a fecundar a una canaria para luego desentenderse de la alimentaci\u00f3n de la prole en un 90 % de los casos.<br \/>\nPersonalmente no me interesa este tipo de cr\u00eda si no que yo busco la cr\u00eda en pureza, llevada a cabo por ambos componentes de la pareja.<\/p>\n<p>Punto de Partida.<\/p>\n<p>Para comenzar a criar seleccion\u00e9 los p\u00e1jaros m\u00e1s tranquilos y los domestiqu\u00e9. Pasaron varios a\u00f1os hasta conseguir las primeras nidadas. Hoy en d\u00eda ya se pueden adquirir f\u00e1cilmente ejemplares criados en cautividad, ahorr\u00e1ndonos este proceso de domesticaci\u00f3n.<\/p>\n<p>Preparaci\u00f3n para la cr\u00eda.<\/p>\n<p>Comienzo la preparaci\u00f3n a principios del mes de Enero, a\u00f1adiendo paulatinamente una<br \/>\nmayor proporci\u00f3n de mixtura de canario al alpiste, solamente en el caso de las hembras.<br \/>\nA mediados de Febrero la proporci\u00f3n de alpiste es muy baja y las hembras ya disponen<br \/>\nde la mixtura de cr\u00eda.<br \/>\nEn estas fechas pongo las parejas en las jaulas de cr\u00eda separados ambos reproductores<br \/>\npor la rejilla divisoria para que se vean y se encelen.<\/p>\n<p>Comienzo entonces a incrementar la mezcla de mixtura a los machos como ya hab\u00eda<br \/>\nhecho antes con las hembras, d\u00e1ndoles pasta de cr\u00eda y una rodaja de pepino a d\u00edas<br \/>\nalternos.<\/p>\n<p>Cuando llega el mes de Marzo, los machos dar\u00e1n muestras de celo pero en menor<br \/>\nmedida que las hembras debido a la diferencia en la alimentaci\u00f3n.<br \/>\nLlegado este momento retiro la rejilla divisoria, procurando estar presente por si se produce alg\u00fan rechazo y alguna pelea deriva en algo m\u00e1s serio.<br \/>\nSi todo va bien y la pareja se acepta, les dejo juntos durante 15 d\u00edas, pudi\u00e9ndose observar las cebas mutuas y los cortejos.<\/p>\n<p>Tipo de nido.<\/p>\n<p>Utilizo los normales met\u00e1licos para canario, abiertos y de uso interior, forr\u00e1ndolos con<br \/>\ntela de saco por si alguna hembra no fuese buena constructora. Los coloco en una esquina de la jaula, suministrando ala pareja material de nido como yuta, sisal, pelote, algod\u00f3n, etc. La construcci\u00f3n del nido suele ser primorosa en la mayor\u00eda de las hembras, variando dicha construcci\u00f3n entre 2 a 15 d\u00edas. No veo la necesidad de camuflar el nido con ramas y hojas naturales o artificiales.<\/p>\n<p>La puesta.<\/p>\n<p>La puesta suele constar de 4 \u00f3 5 huevos que van poniendo a diario, no siendo raro que<br \/>\ndescansen un d\u00eda entre el 3\u00ba y 4\u00ba huevo.<br \/>\nComo las hembras comienzan a incubar desde el 2\u00ba huevo, cambio sus huevos por otros<br \/>\nde pl\u00e1stico, reintegr\u00e1ndoselos tras finalizar la puesta para evitar que los polluelos<br \/>\nnazcan cada uno un d\u00eda distinto.<\/p>\n<p>Nacimiento.<\/p>\n<p>Los polluelos nacen a los 12 d\u00edas de iniciada la incubaci\u00f3n. Dos o tres d\u00edas antes de la fecha de nacimiento, pongo en las jaulas una ba\u00f1era para aumentar el grado de humedad del plumaje de la hembra tras ba\u00f1arse y echarse en el nido sobre los huevos, lo cual favorece la eclosi\u00f3n y evitando que los pollos tengan dificultades para salir del huevo.<\/p>\n<p>Pasta de cr\u00eda.<\/p>\n<p>Para la ceba de los pollos me olvido por completo del empleo de insectos, creo que con la pasta de cr\u00eda y algunas verduras es suficiente para conseguir p\u00e1jaros sanos y con buen plumaje.<br \/>\nPara la elaboraci\u00f3n de la pasta utilizo Cous-cous, pasta seca normal, semillas hidratadas<br \/>\ny un antibi\u00f3tico preventivo durante los primeros d\u00edas de vida. En un comedero aparte les pongo ca\u00f1am\u00f3n y les doy una rodaja de pepino. Pienso que con esto es suficiente.<\/p>\n<p>Ceba de los padres.<\/p>\n<p>Los machos suelen cebar tanto o m\u00e1s que las hembras pero algunos durante la incubaci\u00f3n van subi\u00e9ndose de celo y piensan m\u00e1s en la hembra que en dar de comer a los pollos:<br \/>\nCuando observo este comportamiento los separo de inmediato con la rejilla divisoria,<br \/>\nnunca con el separador opaco.<\/p>\n<p>Anillado.<\/p>\n<p>Dependiendo de si se trata de jilguero europeo o de la subespecie ib\u00e9rica anillo entre el 4\u00ba y 6\u00ba d\u00eda con anilla de 2\u00b45 mm.<br \/>\nNo suele haber problemas con la aceptaci\u00f3n de las anillas por parte de la hembra pero siempre hay excepciones y alguna en su af\u00e1n de limpieza del nido tira a los pollos fuera. Con este tipo de hembras desisto de anillar sus pollos.<\/p>\n<p>Separaci\u00f3n de los padres.<\/p>\n<p>Los pollos saltan del nido entre los 14 y 16 d\u00edas, siendo alimentados por sus padres<br \/>\notros 15 d\u00edas aproximadamente.<\/p>\n<p>Saco de la jaula a toda la nidada junta y la pongo en otra jaula aislada sin mezclarla con<br \/>\notras nidadas, colocando muy al alcance el agua, la pasta, la mixtura y el pepino.<br \/>\nSi veo que les cuesta comer solos les uno alg\u00fan pollo algo mayor que ya coma s\u00f3lo para<br \/>\nque le vean comer y le imiten.<br \/>\nPasada una semana desde su separaci\u00f3n disminuyo la cantidad de pasta, hasta dejarles<br \/>\nsolo con la mixtura.<\/p>\n<p>Individualizaci\u00f3n de los ejemplares.<\/p>\n<p>En este punto los paso a jaulas individuales, haci\u00e9ndoles comer \u00fanicamente mixtura que ir\u00e9 rebajando con alpiste hasta dejarles solamente con esa semilla durante todo el invierno.<\/p>\n<p>Muda.<\/p>\n<p>Para la muda tengo dos m\u00e9todos:<\/p>\n<p>-Natural, la cual dura unos 60 d\u00edas, haciendo que los p\u00e1jaros pierdan mucho peso.<\/p>\n<p>-En penumbra, que s\u00f3lo dura 35 d\u00edas, no les hace perder peso y har\u00e1 que tengan un plumaje m\u00e1s esponjoso, as\u00ed como un color de la m\u00e1scara m\u00e1s homog\u00e9neo.<\/p>\n<p>Cuidados durante el invierno.<\/p>\n<p>El invierno lo pasar\u00e1n en jaulas individuales sin contacto f\u00edsico entre ellos para evitar problemas sanitarios y la temida Coccidiosis.<br \/>\nDicha enfermedad ha desanimado a muchos criadores a continuar con la cr\u00eda de estas<br \/>\naves.<br \/>\nLos s\u00edntomas son apat\u00eda, embolamiento, b\u00fasqueda incesante de alimento en el comedero<br \/>\nsin apenas comer. Si lo miramos en la mano veremos las asas intestinales inflamadas y<br \/>\nenrojecidas, padecer\u00e1 diarrea y una delgadez extrema.<br \/>\nSuele afectar en mayor medida a ejemplares j\u00f3venes una vez terminada la muda y<br \/>\ncuando el nivel de humedad en el ambiente sube.<br \/>\nSuele ser fulminante y en tres d\u00edas puede acabar con la vida del p\u00e1jaro afectado.<\/p>\n<p>Se puede atajar de dos maneras, y hablo por experiencia propia, despu\u00e9s e haber perdido<br \/>\nlos ejemplares a los que ten\u00eda m\u00e1s cari\u00f1o.<\/p>\n<p>-Extremaremos la higiene en las jaulas, evitando que el animal picotee sus excrementos o semillas que hayan estado en contacto con los mismos.<\/p>\n<p>-Medicaremos con ESB3 (Novartis), en el agua de bebida junto con Konaki\u00f3n (Vitamina K), durante 5 d\u00edas, despu\u00e9s le administraremos vitaminas del grupo B durante los 7 d\u00edas posteriores al tratamiento.<br \/>\nEs muy importante dejarles descansar 30 d\u00edas antes de repetir el tratamiento para lograr<br \/>\nla m\u00e1xima efectividad.<\/p>\n<p>Cinco reglas indispensables.<\/p>\n<p>1\u00ba Partir de ejemplares criados en cautividad.<br \/>\n2\u00ba Mantener unas medidas de higiene exquisitas<br \/>\n3\u00ba Prevenci\u00f3n sanitaria<br \/>\n4\u00ba Paciencia<br \/>\n5\u00ba La m\u00e1s importante, la satisfacci\u00f3n de criar unos p\u00e1jaros que a muchos les parece imposible.<\/p>\n<p>Distintas im\u00e1genes de la incubaci\u00f3n y nacimiento de los Jilgueros criados por sus propios padres<\/p>\n<p>Anillado de la nidada y ciclo reproductivo completo finalizado con \u00e9xito.<\/p>\n","protected":false},"excerpt":{"rendered":"<p>Por \u00c1ngel Garoz L\u00f3pez Presentaci\u00f3n. Cr\u00edo Jilgueros (Carduelis carduelis) desde hace 25 a\u00f1os, aunque tambi\u00e9n he criado otras especies de Fring\u00edlidos como Verdecillos, Cardenalitos, Cabecitas, Alarios y sus h\u00edbridos. En la actualidad me dedico en exclusiva al Jilguero europeo tanto cl\u00e1sico como mutado y a la subespecie ib\u00e9rica del mismo. Lo que hemos visto hasta &hellip; <a href=\"http:\/\/faunaautoctona.com\/web\/criando-jilguero-angel-garoz\/\" class=\"more-link\">Seguir leyendo <span class=\"screen-reader-text\">Criando Jilguero (Angel Garoz)<\/span> <span class=\"meta-nav\">&rarr;<\/span><\/a><\/p>\n","protected":false},"author":1,"featured_media":0,"parent":0,"menu_order":0,"comment_status":"closed","ping_status":"closed","template":"","meta":{"spay_email":""},"yoast_head":"<!-- This site is optimized with the Yoast SEO plugin v14.9 - https:\/\/yoast.com\/wordpress\/plugins\/seo\/ -->\n<meta name=\"robots\" content=\"index, follow, max-snippet:-1, max-image-preview:large, max-video-preview:-1\" \/>\n<link rel=\"canonical\" href=\"http:\/\/faunaautoctona.com\/web\/criando-jilguero-angel-garoz\/\" \/>\n<meta property=\"og:locale\" content=\"es_ES\" \/>\n<meta property=\"og:type\" content=\"article\" \/>\n<meta property=\"og:title\" content=\"Criando Jilguero (Angel Garoz) - My CMS\" \/>\n<meta property=\"og:description\" content=\"Por \u00c1ngel Garoz L\u00f3pez Presentaci\u00f3n. Cr\u00edo Jilgueros (Carduelis carduelis) desde hace 25 a\u00f1os, aunque tambi\u00e9n he criado otras especies de Fring\u00edlidos como Verdecillos, Cardenalitos, Cabecitas, Alarios y sus h\u00edbridos. En la actualidad me dedico en exclusiva al Jilguero europeo tanto cl\u00e1sico como mutado y a la subespecie ib\u00e9rica del mismo. Lo que hemos visto hasta &hellip; Seguir leyendo Criando Jilguero (Angel Garoz) &rarr;\" \/>\n<meta property=\"og:url\" content=\"http:\/\/faunaautoctona.com\/web\/criando-jilguero-angel-garoz\/\" \/>\n<meta property=\"og:site_name\" content=\"My CMS\" \/>\n<meta property=\"article:publisher\" content=\"https:\/\/www.facebook.com\/groups\/1798967427016765\/?fref=nf\" \/>\n<meta name=\"twitter:card\" content=\"summary\" \/>\n<script type=\"application\/ld+json\" class=\"yoast-schema-graph\">{\"@context\":\"https:\/\/schema.org\",\"@graph\":[{\"@type\":\"WebSite\",\"@id\":\"http:\/\/faunaautoctona.com\/web\/#website\",\"url\":\"http:\/\/faunaautoctona.com\/web\/\",\"name\":\"My CMS\",\"description\":\"Tu Sociedad\",\"potentialAction\":[{\"@type\":\"SearchAction\",\"target\":\"http:\/\/faunaautoctona.com\/web\/?s={search_term_string}\",\"query-input\":\"required name=search_term_string\"}],\"inLanguage\":\"es\"},{\"@type\":\"WebPage\",\"@id\":\"http:\/\/faunaautoctona.com\/web\/criando-jilguero-angel-garoz\/#webpage\",\"url\":\"http:\/\/faunaautoctona.com\/web\/criando-jilguero-angel-garoz\/\",\"name\":\"Criando Jilguero (Angel Garoz) - My CMS\",\"isPartOf\":{\"@id\":\"http:\/\/faunaautoctona.com\/web\/#website\"},\"datePublished\":\"2017-03-06T22:41:20+00:00\",\"dateModified\":\"2017-03-06T22:41:20+00:00\",\"inLanguage\":\"es\",\"potentialAction\":[{\"@type\":\"ReadAction\",\"target\":[\"http:\/\/faunaautoctona.com\/web\/criando-jilguero-angel-garoz\/\"]}]}]}<\/script>\n<!-- \/ Yoast SEO plugin. -->","jetpack_sharing_enabled":true,"jetpack_shortlink":"https:\/\/wp.me\/P8t81g-63","jetpack-related-posts":[],"_links":{"self":[{"href":"http:\/\/faunaautoctona.com\/web\/wp-json\/wp\/v2\/pages\/375"}],"collection":[{"href":"http:\/\/faunaautoctona.com\/web\/wp-json\/wp\/v2\/pages"}],"about":[{"href":"http:\/\/faunaautoctona.com\/web\/wp-json\/wp\/v2\/types\/page"}],"author":[{"embeddable":true,"href":"http:\/\/faunaautoctona.com\/web\/wp-json\/wp\/v2\/users\/1"}],"replies":[{"embeddable":true,"href":"http:\/\/faunaautoctona.com\/web\/wp-json\/wp\/v2\/comments?post=375"}],"version-history":[{"count":1,"href":"http:\/\/faunaautoctona.com\/web\/wp-json\/wp\/v2\/pages\/375\/revisions"}],"predecessor-version":[{"id":376,"href":"http:\/\/faunaautoctona.com\/web\/wp-json\/wp\/v2\/pages\/375\/revisions\/376"}],"wp:attachment":[{"href":"http:\/\/faunaautoctona.com\/web\/wp-json\/wp\/v2\/media?parent=375"}],"curies":[{"name":"wp","href":"https:\/\/api.w.org\/{rel}","templated":true}]}}