{"id":179,"date":"2017-02-24T20:42:03","date_gmt":"2017-02-24T20:42:03","guid":{"rendered":"http:\/\/faunaautoctona.com\/web\/?page_id=179"},"modified":"2017-03-14T20:09:36","modified_gmt":"2017-03-14T20:09:36","slug":"pardillos","status":"publish","type":"page","link":"https:\/\/faunaautoctona.com\/web\/pardillos\/","title":{"rendered":"pardillos"},"content":{"rendered":"<p>PARDILLO COMUN<\/p>\n<div><\/div>\n<div><\/div>\n<div>El pardillo comun cuyo nombre cientifico es Carduelis Cannabina.El pardillo com\u00fan es un ave esbelta y estilizada, de 13 cm de longitud y 21 &#8211; 25 cm de envergadura; la cola es larga y el pico corto y gris\u00e1ceo.<\/div>\n<div>Tanto el macho como la hembra tienen el dorso pardo y la garganta blanco ocr\u00e1cea con moteado oscuro en el centro; el lado de la cabeza est\u00e1 por lo com\u00fan marcado de p\u00e1lido en la parte superior y detr\u00e1s del ojo, con las mejillas m\u00e1s oscuras y con una pinta p\u00e1lida en el centro.El margen de las plumas primarias es blanco.<\/div>\n<div>El macho adulto durante la primera presenta una mancha roja muy llamativa en la frente y pecho, con la nuca gris uniforme.<\/div>\n<div>La hembra no tiene la mancha roja del macho, su nuca es gris pardusca y el pecho y el p\u00edleo ligeramente listado,la cola aparece escotada haciendo una V con las plumas de los lados blancas.<\/div>\n<div>El pardillo com\u00fan parece inquieto y activo. Las parejas permanecen juntas durante la \u00e9poca de cr\u00eda.<\/div>\n<div><\/div>\n<div>\u00a0 \u00a0 \u00a0 \u00a0 \u00a0 \u00a0HAVITAD<\/div>\n<div><\/div>\n<div>Tiene preferencia por terrenos abiertos con arbustos y matorrales aislados. Es com\u00fan en llanuras cerealistas y dehesas abiertas,matorral, bosques, parques periurbanos, saladares, cultivos, etc.<\/div>\n<div><\/div>\n<div>\u00a0 \u00a0 \u00a0 \u00a0 \u00a0 \u00a0DISTRIBUCION<\/div>\n<div><\/div>\n<div>\n<p><b>En Espa\u00f1a:<\/b>\u00a0Se distribuye por toda la Pen\u00ednsula y en los archipi\u00e9lagos.<\/p>\n<\/div>\n<div>Se distribuye por toda Europa, oeste de Asia y una estrecha franja costera norteafricana. El pardillo es uno de los fring\u00edlidos m\u00e1s abundantes de nuestros campos, siendo su estatus sedentario, si bien recibe aportes importantes de ejemplares invernantes.<\/div>\n","protected":false},"excerpt":{"rendered":"<p>PARDILLO COMUN El pardillo comun cuyo nombre cientifico es Carduelis Cannabina.El pardillo com\u00fan es un ave esbelta y estilizada, de 13 cm de longitud y 21 &#8211; 25 cm de envergadura; la cola es larga y el pico corto y gris\u00e1ceo. Tanto el macho como la hembra tienen el dorso pardo y la garganta blanco &hellip; <a href=\"https:\/\/faunaautoctona.com\/web\/pardillos\/\" class=\"more-link\">Seguir leyendo <span class=\"screen-reader-text\">pardillos<\/span> <span class=\"meta-nav\">&rarr;<\/span><\/a><\/p>\n","protected":false},"author":1,"featured_media":0,"parent":0,"menu_order":0,"comment_status":"closed","ping_status":"closed","template":"","meta":{"spay_email":""},"yoast_head":"<!-- This site is optimized with the Yoast SEO plugin v14.9 - https:\/\/yoast.com\/wordpress\/plugins\/seo\/ -->\n<meta name=\"robots\" content=\"index, follow, max-snippet:-1, max-image-preview:large, max-video-preview:-1\" \/>\n<link rel=\"canonical\" href=\"http:\/\/faunaautoctona.com\/web\/pardillos\/\" \/>\n<meta property=\"og:locale\" content=\"es_ES\" \/>\n<meta property=\"og:type\" content=\"article\" \/>\n<meta property=\"og:title\" content=\"pardillos - My CMS\" \/>\n<meta property=\"og:description\" content=\"PARDILLO COMUN El pardillo comun cuyo nombre cientifico es Carduelis Cannabina.El pardillo com\u00fan es un ave esbelta y estilizada, de 13 cm de longitud y 21 &#8211; 25 cm de envergadura; la cola es larga y el pico corto y gris\u00e1ceo. Tanto el macho como la hembra tienen el dorso pardo y la garganta blanco &hellip; Seguir leyendo pardillos &rarr;\" \/>\n<meta property=\"og:url\" content=\"http:\/\/faunaautoctona.com\/web\/pardillos\/\" \/>\n<meta property=\"og:site_name\" content=\"My CMS\" \/>\n<meta property=\"article:publisher\" content=\"https:\/\/www.facebook.com\/groups\/1798967427016765\/?fref=nf\" \/>\n<meta property=\"article:modified_time\" content=\"2017-03-14T20:09:36+00:00\" \/>\n<meta name=\"twitter:card\" content=\"summary\" \/>\n<script type=\"application\/ld+json\" class=\"yoast-schema-graph\">{\"@context\":\"https:\/\/schema.org\",\"@graph\":[{\"@type\":\"WebSite\",\"@id\":\"https:\/\/faunaautoctona.com\/web\/#website\",\"url\":\"https:\/\/faunaautoctona.com\/web\/\",\"name\":\"My CMS\",\"description\":\"Tu Sociedad\",\"potentialAction\":[{\"@type\":\"SearchAction\",\"target\":\"https:\/\/faunaautoctona.com\/web\/?s={search_term_string}\",\"query-input\":\"required name=search_term_string\"}],\"inLanguage\":\"es\"},{\"@type\":\"WebPage\",\"@id\":\"http:\/\/faunaautoctona.com\/web\/pardillos\/#webpage\",\"url\":\"http:\/\/faunaautoctona.com\/web\/pardillos\/\",\"name\":\"pardillos - My CMS\",\"isPartOf\":{\"@id\":\"https:\/\/faunaautoctona.com\/web\/#website\"},\"datePublished\":\"2017-02-24T20:42:03+00:00\",\"dateModified\":\"2017-03-14T20:09:36+00:00\",\"inLanguage\":\"es\",\"potentialAction\":[{\"@type\":\"ReadAction\",\"target\":[\"http:\/\/faunaautoctona.com\/web\/pardillos\/\"]}]}]}<\/script>\n<!-- \/ Yoast SEO plugin. -->","jetpack_sharing_enabled":true,"jetpack_shortlink":"https:\/\/wp.me\/P8t81g-2T","jetpack-related-posts":[],"_links":{"self":[{"href":"https:\/\/faunaautoctona.com\/web\/wp-json\/wp\/v2\/pages\/179"}],"collection":[{"href":"https:\/\/faunaautoctona.com\/web\/wp-json\/wp\/v2\/pages"}],"about":[{"href":"https:\/\/faunaautoctona.com\/web\/wp-json\/wp\/v2\/types\/page"}],"author":[{"embeddable":true,"href":"https:\/\/faunaautoctona.com\/web\/wp-json\/wp\/v2\/users\/1"}],"replies":[{"embeddable":true,"href":"https:\/\/faunaautoctona.com\/web\/wp-json\/wp\/v2\/comments?post=179"}],"version-history":[{"count":2,"href":"https:\/\/faunaautoctona.com\/web\/wp-json\/wp\/v2\/pages\/179\/revisions"}],"predecessor-version":[{"id":416,"href":"https:\/\/faunaautoctona.com\/web\/wp-json\/wp\/v2\/pages\/179\/revisions\/416"}],"wp:attachment":[{"href":"https:\/\/faunaautoctona.com\/web\/wp-json\/wp\/v2\/media?parent=179"}],"curies":[{"name":"wp","href":"https:\/\/api.w.org\/{rel}","templated":true}]}}