{"id":181,"date":"2017-02-24T20:42:12","date_gmt":"2017-02-24T20:42:12","guid":{"rendered":"http:\/\/faunaautoctona.com\/web\/?page_id=181"},"modified":"2017-04-10T18:50:25","modified_gmt":"2017-04-10T18:50:25","slug":"verderon","status":"publish","type":"page","link":"https:\/\/faunaautoctona.com\/web\/verderon\/","title":{"rendered":"verderon"},"content":{"rendered":"<div>Nombre cientifico:Chloris Chloris<\/div>\n<div><\/div>\n<div>El Verder\u00f3n es un p\u00e1jaro robusto de color verdoso,con un pico fuerte y claro,con franja alar y laterales de la cola amarillos.Las hembras son mas apagadas,tienen tonos marr\u00f3n casta\u00f1o en la parte posterior y las manchas de sus ala y cola son de color amarillo p\u00e1lido<\/div>\n<div><\/div>\n<div>Los Verderones se han adaptado tanto a la presencia del hombre que es facil verlos en \u00e9poca de reproducci\u00f3n en jardines y huertas cerca del nucleo urbano.A finales de verano se congregan en grandes bandadas que merodean los campos arados en busca del grano o semilla ca\u00eddos<\/div>\n<div><\/div>\n<div>Su canto es lo bastante articulado e intercala algunas notas t\u00edpicas de llamada como cho-roro,chi-ri-ri,chuing-<wbr \/>chuing,sus grito incluyen un nasal &#8220;suip&#8221;,que parece como si fuera producido por una inspiraci\u00f3n forzada.<\/div>\n","protected":false},"excerpt":{"rendered":"<p>Nombre cientifico:Chloris Chloris El Verder\u00f3n es un p\u00e1jaro robusto de color verdoso,con un pico fuerte y claro,con franja alar y laterales de la cola amarillos.Las hembras son mas apagadas,tienen tonos marr\u00f3n casta\u00f1o en la parte posterior y las manchas de sus ala y cola son de color amarillo p\u00e1lido Los Verderones se han adaptado tanto &hellip; <a href=\"https:\/\/faunaautoctona.com\/web\/verderon\/\" class=\"more-link\">Seguir leyendo <span class=\"screen-reader-text\">verderon<\/span> <span class=\"meta-nav\">&rarr;<\/span><\/a><\/p>\n","protected":false},"author":1,"featured_media":0,"parent":0,"menu_order":0,"comment_status":"closed","ping_status":"closed","template":"","meta":{"spay_email":""},"yoast_head":"<!-- This site is optimized with the Yoast SEO plugin v14.9 - https:\/\/yoast.com\/wordpress\/plugins\/seo\/ -->\n<meta name=\"robots\" content=\"index, follow, max-snippet:-1, max-image-preview:large, max-video-preview:-1\" \/>\n<link rel=\"canonical\" href=\"http:\/\/faunaautoctona.com\/web\/verderon\/\" \/>\n<meta property=\"og:locale\" content=\"es_ES\" \/>\n<meta property=\"og:type\" content=\"article\" \/>\n<meta property=\"og:title\" content=\"verderon - My CMS\" \/>\n<meta property=\"og:description\" content=\"Nombre cientifico:Chloris Chloris El Verder\u00f3n es un p\u00e1jaro robusto de color verdoso,con un pico fuerte y claro,con franja alar y laterales de la cola amarillos.Las hembras son mas apagadas,tienen tonos marr\u00f3n casta\u00f1o en la parte posterior y las manchas de sus ala y cola son de color amarillo p\u00e1lido Los Verderones se han adaptado tanto &hellip; Seguir leyendo verderon &rarr;\" \/>\n<meta property=\"og:url\" content=\"http:\/\/faunaautoctona.com\/web\/verderon\/\" \/>\n<meta property=\"og:site_name\" content=\"My CMS\" \/>\n<meta property=\"article:publisher\" content=\"https:\/\/www.facebook.com\/groups\/1798967427016765\/?fref=nf\" \/>\n<meta property=\"article:modified_time\" content=\"2017-04-10T18:50:25+00:00\" \/>\n<meta name=\"twitter:card\" content=\"summary\" \/>\n<script type=\"application\/ld+json\" class=\"yoast-schema-graph\">{\"@context\":\"https:\/\/schema.org\",\"@graph\":[{\"@type\":\"WebSite\",\"@id\":\"https:\/\/faunaautoctona.com\/web\/#website\",\"url\":\"https:\/\/faunaautoctona.com\/web\/\",\"name\":\"My CMS\",\"description\":\"Tu Sociedad\",\"potentialAction\":[{\"@type\":\"SearchAction\",\"target\":\"https:\/\/faunaautoctona.com\/web\/?s={search_term_string}\",\"query-input\":\"required name=search_term_string\"}],\"inLanguage\":\"es\"},{\"@type\":\"WebPage\",\"@id\":\"http:\/\/faunaautoctona.com\/web\/verderon\/#webpage\",\"url\":\"http:\/\/faunaautoctona.com\/web\/verderon\/\",\"name\":\"verderon - My CMS\",\"isPartOf\":{\"@id\":\"https:\/\/faunaautoctona.com\/web\/#website\"},\"datePublished\":\"2017-02-24T20:42:12+00:00\",\"dateModified\":\"2017-04-10T18:50:25+00:00\",\"inLanguage\":\"es\",\"potentialAction\":[{\"@type\":\"ReadAction\",\"target\":[\"http:\/\/faunaautoctona.com\/web\/verderon\/\"]}]}]}<\/script>\n<!-- \/ Yoast SEO plugin. -->","jetpack_sharing_enabled":true,"jetpack_shortlink":"https:\/\/wp.me\/P8t81g-2V","jetpack-related-posts":[],"_links":{"self":[{"href":"https:\/\/faunaautoctona.com\/web\/wp-json\/wp\/v2\/pages\/181"}],"collection":[{"href":"https:\/\/faunaautoctona.com\/web\/wp-json\/wp\/v2\/pages"}],"about":[{"href":"https:\/\/faunaautoctona.com\/web\/wp-json\/wp\/v2\/types\/page"}],"author":[{"embeddable":true,"href":"https:\/\/faunaautoctona.com\/web\/wp-json\/wp\/v2\/users\/1"}],"replies":[{"embeddable":true,"href":"https:\/\/faunaautoctona.com\/web\/wp-json\/wp\/v2\/comments?post=181"}],"version-history":[{"count":2,"href":"https:\/\/faunaautoctona.com\/web\/wp-json\/wp\/v2\/pages\/181\/revisions"}],"predecessor-version":[{"id":477,"href":"https:\/\/faunaautoctona.com\/web\/wp-json\/wp\/v2\/pages\/181\/revisions\/477"}],"wp:attachment":[{"href":"https:\/\/faunaautoctona.com\/web\/wp-json\/wp\/v2\/media?parent=181"}],"curies":[{"name":"wp","href":"https:\/\/api.w.org\/{rel}","templated":true}]}}