{"id":183,"date":"2017-02-24T20:42:22","date_gmt":"2017-02-24T20:42:22","guid":{"rendered":"http:\/\/faunaautoctona.com\/web\/?page_id=183"},"modified":"2017-04-10T18:00:51","modified_gmt":"2017-04-10T18:00:51","slug":"pinzon","status":"publish","type":"page","link":"https:\/\/faunaautoctona.com\/web\/pinzon\/","title":{"rendered":"pinzon"},"content":{"rendered":"<div style=\"text-align: left;\">\u00a0 \u00a0Nombre cient\u00edfico: Fringilla Coelebs<\/div>\n<div style=\"text-align: left;\"><\/div>\n<div style=\"text-align: left;\">El Pinz\u00f3n com\u00fan se caracteriza por tener unas manchas blancas en sus alas y unos colores muy vivos que le aportan un aspecto mas alegre<\/div>\n<div style=\"text-align: left;\"><\/div>\n<div style=\"text-align: left;\">El macho tiene la cabeza de color gris azulado con el pecho y mejillas de color naranja pardo,la rabadilla es verdosa,el pico es corto y fino de color azulado,tambi\u00e9n presenta una mancha oscura delante del pico<\/div>\n<div style=\"text-align: left;\"><\/div>\n<div style=\"text-align: left;\">La hembra es de color pardo amarillento por el dorso y gris parduzco por el vientre,su pico es de color marr\u00f3n<\/div>\n<div style=\"text-align: left;\"><\/div>\n<div style=\"text-align: left;\">\u00a0 \u00a0 H\u00e1bitat<\/div>\n<div style=\"text-align: left;\"><\/div>\n<div style=\"text-align: left;\">Su habitat es muy variado,se e ve en bosques perennes y caducifolios,aunque se le ve mas frecuente en zonas donde abundan las coniferas.<\/div>\n<div style=\"text-align: left;\">No es un ave migratoria, pero busca los lugares c\u00e1lidos en invierno. La parte\u00a0<i>coelebs<\/i>\u00a0de su nombre cient\u00edfico significa &#8216;soltero&#8217;. Esta especie fue bautizada por\u00a0Linnaeus, en su pa\u00eds natal\u00a0Suecia, donde las\u00a0hembras\u00a0salen en invierno y los\u00a0machos\u00a0se quedan<\/div>\n","protected":false},"excerpt":{"rendered":"<p>\u00a0 \u00a0Nombre cient\u00edfico: Fringilla Coelebs El Pinz\u00f3n com\u00fan se caracteriza por tener unas manchas blancas en sus alas y unos colores muy vivos que le aportan un aspecto mas alegre El macho tiene la cabeza de color gris azulado con el pecho y mejillas de color naranja pardo,la rabadilla es verdosa,el pico es corto y &hellip; <a href=\"https:\/\/faunaautoctona.com\/web\/pinzon\/\" class=\"more-link\">Seguir leyendo <span class=\"screen-reader-text\">pinzon<\/span> <span class=\"meta-nav\">&rarr;<\/span><\/a><\/p>\n","protected":false},"author":1,"featured_media":0,"parent":0,"menu_order":0,"comment_status":"closed","ping_status":"closed","template":"","meta":{"spay_email":""},"yoast_head":"<!-- This site is optimized with the Yoast SEO plugin v14.9 - https:\/\/yoast.com\/wordpress\/plugins\/seo\/ -->\n<meta name=\"robots\" content=\"index, follow, max-snippet:-1, max-image-preview:large, max-video-preview:-1\" \/>\n<link rel=\"canonical\" href=\"http:\/\/faunaautoctona.com\/web\/pinzon\/\" \/>\n<meta property=\"og:locale\" content=\"es_ES\" \/>\n<meta property=\"og:type\" content=\"article\" \/>\n<meta property=\"og:title\" content=\"pinzon - My CMS\" \/>\n<meta property=\"og:description\" content=\"\u00a0 \u00a0Nombre cient\u00edfico: Fringilla Coelebs El Pinz\u00f3n com\u00fan se caracteriza por tener unas manchas blancas en sus alas y unos colores muy vivos que le aportan un aspecto mas alegre El macho tiene la cabeza de color gris azulado con el pecho y mejillas de color naranja pardo,la rabadilla es verdosa,el pico es corto y &hellip; Seguir leyendo pinzon &rarr;\" \/>\n<meta property=\"og:url\" content=\"http:\/\/faunaautoctona.com\/web\/pinzon\/\" \/>\n<meta property=\"og:site_name\" content=\"My CMS\" \/>\n<meta property=\"article:publisher\" content=\"https:\/\/www.facebook.com\/groups\/1798967427016765\/?fref=nf\" \/>\n<meta property=\"article:modified_time\" content=\"2017-04-10T18:00:51+00:00\" \/>\n<meta name=\"twitter:card\" content=\"summary\" \/>\n<script type=\"application\/ld+json\" class=\"yoast-schema-graph\">{\"@context\":\"https:\/\/schema.org\",\"@graph\":[{\"@type\":\"WebSite\",\"@id\":\"https:\/\/faunaautoctona.com\/web\/#website\",\"url\":\"https:\/\/faunaautoctona.com\/web\/\",\"name\":\"My CMS\",\"description\":\"Tu Sociedad\",\"potentialAction\":[{\"@type\":\"SearchAction\",\"target\":\"https:\/\/faunaautoctona.com\/web\/?s={search_term_string}\",\"query-input\":\"required name=search_term_string\"}],\"inLanguage\":\"es\"},{\"@type\":\"WebPage\",\"@id\":\"http:\/\/faunaautoctona.com\/web\/pinzon\/#webpage\",\"url\":\"http:\/\/faunaautoctona.com\/web\/pinzon\/\",\"name\":\"pinzon - My CMS\",\"isPartOf\":{\"@id\":\"https:\/\/faunaautoctona.com\/web\/#website\"},\"datePublished\":\"2017-02-24T20:42:22+00:00\",\"dateModified\":\"2017-04-10T18:00:51+00:00\",\"inLanguage\":\"es\",\"potentialAction\":[{\"@type\":\"ReadAction\",\"target\":[\"http:\/\/faunaautoctona.com\/web\/pinzon\/\"]}]}]}<\/script>\n<!-- \/ Yoast SEO plugin. -->","jetpack_sharing_enabled":true,"jetpack_shortlink":"https:\/\/wp.me\/P8t81g-2X","jetpack-related-posts":[],"_links":{"self":[{"href":"https:\/\/faunaautoctona.com\/web\/wp-json\/wp\/v2\/pages\/183"}],"collection":[{"href":"https:\/\/faunaautoctona.com\/web\/wp-json\/wp\/v2\/pages"}],"about":[{"href":"https:\/\/faunaautoctona.com\/web\/wp-json\/wp\/v2\/types\/page"}],"author":[{"embeddable":true,"href":"https:\/\/faunaautoctona.com\/web\/wp-json\/wp\/v2\/users\/1"}],"replies":[{"embeddable":true,"href":"https:\/\/faunaautoctona.com\/web\/wp-json\/wp\/v2\/comments?post=183"}],"version-history":[{"count":3,"href":"https:\/\/faunaautoctona.com\/web\/wp-json\/wp\/v2\/pages\/183\/revisions"}],"predecessor-version":[{"id":476,"href":"https:\/\/faunaautoctona.com\/web\/wp-json\/wp\/v2\/pages\/183\/revisions\/476"}],"wp:attachment":[{"href":"https:\/\/faunaautoctona.com\/web\/wp-json\/wp\/v2\/media?parent=183"}],"curies":[{"name":"wp","href":"https:\/\/api.w.org\/{rel}","templated":true}]}}