{"id":2,"date":"2016-05-10T03:48:21","date_gmt":"2016-05-10T03:48:21","guid":{"rendered":"http:\/\/wp452m.a10-52-158-154.qa.plesk.ru\/wordpress\/?page_id=2"},"modified":"2017-03-05T21:51:01","modified_gmt":"2017-03-05T21:51:01","slug":"sample-page","status":"publish","type":"page","link":"https:\/\/faunaautoctona.com\/web\/","title":{"rendered":"Pagina Inicio"},"content":{"rendered":"<p style=\"text-align: center;\"><img data-attachment-id=\"359\" data-permalink=\"https:\/\/faunaautoctona.com\/web\/sample-page\/img_8470\/\" data-orig-file=\"https:\/\/i2.wp.com\/faunaautoctona.com\/web\/wp-content\/uploads\/2016\/05\/IMG_8470.png?fit=1334%2C750&amp;ssl=1\" data-orig-size=\"1334,750\" data-comments-opened=\"1\" data-image-meta=\"{&quot;aperture&quot;:&quot;0&quot;,&quot;credit&quot;:&quot;&quot;,&quot;camera&quot;:&quot;&quot;,&quot;caption&quot;:&quot;&quot;,&quot;created_timestamp&quot;:&quot;0&quot;,&quot;copyright&quot;:&quot;&quot;,&quot;focal_length&quot;:&quot;0&quot;,&quot;iso&quot;:&quot;0&quot;,&quot;shutter_speed&quot;:&quot;0&quot;,&quot;title&quot;:&quot;&quot;,&quot;orientation&quot;:&quot;0&quot;}\" data-image-title=\"IMG_8470\" data-image-description=\"\" data-medium-file=\"https:\/\/i2.wp.com\/faunaautoctona.com\/web\/wp-content\/uploads\/2016\/05\/IMG_8470.png?fit=300%2C169&amp;ssl=1\" data-large-file=\"https:\/\/i2.wp.com\/faunaautoctona.com\/web\/wp-content\/uploads\/2016\/05\/IMG_8470.png?fit=604%2C340&amp;ssl=1\" loading=\"lazy\" class=\" wp-image-359 aligncenter\" src=\"https:\/\/i2.wp.com\/faunaautoctona.com\/web\/wp-content\/uploads\/2016\/05\/IMG_8470.png?resize=380%2C214\" alt=\"\" width=\"380\" height=\"214\" srcset=\"https:\/\/i2.wp.com\/faunaautoctona.com\/web\/wp-content\/uploads\/2016\/05\/IMG_8470.png?resize=300%2C169&amp;ssl=1 300w, https:\/\/i2.wp.com\/faunaautoctona.com\/web\/wp-content\/uploads\/2016\/05\/IMG_8470.png?resize=768%2C432&amp;ssl=1 768w, https:\/\/i2.wp.com\/faunaautoctona.com\/web\/wp-content\/uploads\/2016\/05\/IMG_8470.png?resize=1024%2C576&amp;ssl=1 1024w, https:\/\/i2.wp.com\/faunaautoctona.com\/web\/wp-content\/uploads\/2016\/05\/IMG_8470.png?w=1334&amp;ssl=1 1334w, https:\/\/i2.wp.com\/faunaautoctona.com\/web\/wp-content\/uploads\/2016\/05\/IMG_8470.png?w=1208 1208w\" sizes=\"(max-width: 380px) 100vw, 380px\" data-recalc-dims=\"1\" \/><\/p>\n<p style=\"text-align: center;\"><strong>La Sociedad Fauna Autoctona se forma por la uni\u00f3n de amigos y la pasi\u00f3n por las aves y su reproducci\u00f3n<\/strong><\/p>\n<p style=\"text-align: center;\"><strong>Fue creada en 2009,aunque desde sus inicios en Internet en el a\u00f1o 2007 ya era un foro referente en la cr\u00eda en cautividad de las diferentes especies silvestres,pudiendo ser un punto de partida para toda persona que se inicia en este apasionante mundo<\/strong><\/p>\n<p style=\"text-align: center;\"><strong>En el a\u00f1o 2016 decidimos formar parte de la Federaci\u00f3n F.O.C,afiliada a C.O.E y esta a su vez a C.O.M<\/strong><\/p>\n<p>&nbsp;<\/p>\n<p>&nbsp;<\/p>\n","protected":false},"excerpt":{"rendered":"<p>La Sociedad Fauna Autoctona se forma por la uni\u00f3n de amigos y la pasi\u00f3n por las aves y su reproducci\u00f3n Fue creada en 2009,aunque desde sus inicios en Internet en el a\u00f1o 2007 ya era un foro referente en la cr\u00eda en cautividad de las diferentes especies silvestres,pudiendo ser un punto de partida para toda &hellip; <a href=\"https:\/\/faunaautoctona.com\/web\/\" class=\"more-link\">Seguir leyendo <span class=\"screen-reader-text\">Pagina Inicio<\/span> <span class=\"meta-nav\">&rarr;<\/span><\/a><\/p>\n","protected":false},"author":1,"featured_media":0,"parent":0,"menu_order":0,"comment_status":"closed","ping_status":"open","template":"","meta":{"spay_email":""},"yoast_head":"<!-- This site is optimized with the Yoast SEO plugin v14.9 - https:\/\/yoast.com\/wordpress\/plugins\/seo\/ -->\n<meta name=\"robots\" content=\"index, follow, max-snippet:-1, max-image-preview:large, max-video-preview:-1\" \/>\n<link rel=\"canonical\" href=\"http:\/\/faunaautoctona.com\/web\/\" \/>\n<meta property=\"og:locale\" content=\"es_ES\" \/>\n<meta property=\"og:type\" content=\"article\" \/>\n<meta property=\"og:title\" content=\"Pagina Inicio - My CMS\" \/>\n<meta property=\"og:description\" content=\"La Sociedad Fauna Autoctona se forma por la uni\u00f3n de amigos y la pasi\u00f3n por las aves y su reproducci\u00f3n Fue creada en 2009,aunque desde sus inicios en Internet en el a\u00f1o 2007 ya era un foro referente en la cr\u00eda en cautividad de las diferentes especies silvestres,pudiendo ser un punto de partida para toda &hellip; Seguir leyendo Pagina Inicio &rarr;\" \/>\n<meta property=\"og:url\" content=\"http:\/\/faunaautoctona.com\/web\/\" \/>\n<meta property=\"og:site_name\" content=\"My CMS\" \/>\n<meta property=\"article:publisher\" content=\"https:\/\/www.facebook.com\/groups\/1798967427016765\/?fref=nf\" \/>\n<meta property=\"article:modified_time\" content=\"2017-03-05T21:51:01+00:00\" \/>\n<meta property=\"og:image\" content=\"http:\/\/faunaautoctona.com\/web\/wp-content\/uploads\/2016\/05\/IMG_8470-300x169.png\" \/>\n<meta name=\"twitter:card\" content=\"summary\" \/>\n<script type=\"application\/ld+json\" class=\"yoast-schema-graph\">{\"@context\":\"https:\/\/schema.org\",\"@graph\":[{\"@type\":\"WebSite\",\"@id\":\"https:\/\/faunaautoctona.com\/web\/#website\",\"url\":\"https:\/\/faunaautoctona.com\/web\/\",\"name\":\"My CMS\",\"description\":\"Tu Sociedad\",\"potentialAction\":[{\"@type\":\"SearchAction\",\"target\":\"https:\/\/faunaautoctona.com\/web\/?s={search_term_string}\",\"query-input\":\"required name=search_term_string\"}],\"inLanguage\":\"es\"},{\"@type\":\"ImageObject\",\"@id\":\"http:\/\/faunaautoctona.com\/web\/#primaryimage\",\"inLanguage\":\"es\",\"url\":\"http:\/\/faunaautoctona.com\/web\/wp-content\/uploads\/2016\/05\/IMG_8470-300x169.png\"},{\"@type\":\"WebPage\",\"@id\":\"http:\/\/faunaautoctona.com\/web\/#webpage\",\"url\":\"http:\/\/faunaautoctona.com\/web\/\",\"name\":\"Pagina Inicio - My CMS\",\"isPartOf\":{\"@id\":\"https:\/\/faunaautoctona.com\/web\/#website\"},\"primaryImageOfPage\":{\"@id\":\"http:\/\/faunaautoctona.com\/web\/#primaryimage\"},\"datePublished\":\"2016-05-10T03:48:21+00:00\",\"dateModified\":\"2017-03-05T21:51:01+00:00\",\"inLanguage\":\"es\",\"potentialAction\":[{\"@type\":\"ReadAction\",\"target\":[\"http:\/\/faunaautoctona.com\/web\/\"]}]}]}<\/script>\n<!-- \/ Yoast SEO plugin. -->","jetpack_sharing_enabled":true,"jetpack_shortlink":"https:\/\/wp.me\/P8t81g-2","jetpack-related-posts":[],"_links":{"self":[{"href":"https:\/\/faunaautoctona.com\/web\/wp-json\/wp\/v2\/pages\/2"}],"collection":[{"href":"https:\/\/faunaautoctona.com\/web\/wp-json\/wp\/v2\/pages"}],"about":[{"href":"https:\/\/faunaautoctona.com\/web\/wp-json\/wp\/v2\/types\/page"}],"author":[{"embeddable":true,"href":"https:\/\/faunaautoctona.com\/web\/wp-json\/wp\/v2\/users\/1"}],"replies":[{"embeddable":true,"href":"https:\/\/faunaautoctona.com\/web\/wp-json\/wp\/v2\/comments?post=2"}],"version-history":[{"count":5,"href":"https:\/\/faunaautoctona.com\/web\/wp-json\/wp\/v2\/pages\/2\/revisions"}],"predecessor-version":[{"id":370,"href":"https:\/\/faunaautoctona.com\/web\/wp-json\/wp\/v2\/pages\/2\/revisions\/370"}],"wp:attachment":[{"href":"https:\/\/faunaautoctona.com\/web\/wp-json\/wp\/v2\/media?parent=2"}],"curies":[{"name":"wp","href":"https:\/\/api.w.org\/{rel}","templated":true}]}}