{"id":212,"date":"2017-02-25T21:41:18","date_gmt":"2017-02-25T21:41:18","guid":{"rendered":"http:\/\/faunaautoctona.com\/web\/?page_id=212"},"modified":"2017-02-26T17:38:49","modified_gmt":"2017-02-26T17:38:49","slug":"el-pinzon-comun-mutado","status":"publish","type":"page","link":"https:\/\/faunaautoctona.com\/web\/el-pinzon-comun-mutado\/","title":{"rendered":"EL PINZON COMUN MUTADO"},"content":{"rendered":"<div class=\"postbody\">\n<div class=\"content\">\n<div><\/div>\n<div>Lat\u00edn: Fringilla coelebs<br \/>\nCastellano: pinz\u00f3n com\u00fan<br \/>\nCatal\u00e1n: pins\u00e0 com\u00fa<br \/>\nGallego: Pimp\u00edn com\u00fan<br \/>\nEusquera: Txonta arrunt<\/div>\n<div>Historial de una temporada de cr\u00eda<\/div>\n<p>Principios de Enero del a\u00f1o 2009. El a\u00f1o ha comenzado con bastantes d\u00edas de lluvia, como consecuencia d\u00edas oscuros, cortos y fr\u00edos. Como cada a\u00f1o, en estas fechas empiezo a preparar mis parejas reproductoras y as\u00ed puedo observar con tiempo si fenot\u00edpicamente se complementan, si congenian y si son los ejemplares id\u00f3neos para obtener las mutaciones que deseo conseguir.<\/p>\n<div><img data-attachment-id=\"215\" data-permalink=\"https:\/\/faunaautoctona.com\/web\/el-pinzon-comun-mutado\/isabela\/\" data-orig-file=\"https:\/\/i0.wp.com\/faunaautoctona.com\/web\/wp-content\/uploads\/2017\/02\/isabela.jpg?fit=268%2C172&amp;ssl=1\" data-orig-size=\"268,172\" data-comments-opened=\"1\" data-image-meta=\"{&quot;aperture&quot;:&quot;0&quot;,&quot;credit&quot;:&quot;&quot;,&quot;camera&quot;:&quot;&quot;,&quot;caption&quot;:&quot;&quot;,&quot;created_timestamp&quot;:&quot;0&quot;,&quot;copyright&quot;:&quot;&quot;,&quot;focal_length&quot;:&quot;0&quot;,&quot;iso&quot;:&quot;0&quot;,&quot;shutter_speed&quot;:&quot;0&quot;,&quot;title&quot;:&quot;&quot;,&quot;orientation&quot;:&quot;0&quot;}\" data-image-title=\"isabela\" data-image-description=\"\" data-medium-file=\"https:\/\/i0.wp.com\/faunaautoctona.com\/web\/wp-content\/uploads\/2017\/02\/isabela.jpg?fit=268%2C172&amp;ssl=1\" data-large-file=\"https:\/\/i0.wp.com\/faunaautoctona.com\/web\/wp-content\/uploads\/2017\/02\/isabela.jpg?fit=268%2C172&amp;ssl=1\" loading=\"lazy\" class=\"aligncenter size-full wp-image-215\" src=\"https:\/\/i0.wp.com\/faunaautoctona.com\/web\/wp-content\/uploads\/2017\/02\/isabela.jpg?resize=268%2C172\" alt=\"\" width=\"268\" height=\"172\" data-recalc-dims=\"1\" \/><\/div>\n<p>Realizo la cr\u00eda en voladeras exteriores y por lo tanto \u00e9sta va muy acorde a la climatolog\u00eda, si el tiempo es bueno la cr\u00eda se adelanta y si es fr\u00edo y lluvioso se retrasa.<\/p>\n<p>La alimentaci\u00f3n que les doy hasta el mes de Enero es bastante sencilla, mixtura para pinzones y algo de pasta para insect\u00edvoros. A partir de este mes los d\u00edas ya van siendo m\u00e1s largos y poco a poco la temperatura va subiendo progresivamente, as\u00ed nuestras aves tienen m\u00e1s tiempo para alimentarse y a m\u00e1s alimento m\u00e1s energ\u00eda.<\/p>\n<p>Observamos que poco a poco nuestros p\u00e1jaros van cambiando, las hembras est\u00e1n m\u00e1s nerviosas y con mayor actividad, los machos van incrementando su canto d\u00eda a d\u00eda, su pico se pone de color oscuro cuando est\u00e1n en plenitud del celo.<\/p>\n<p>Durante los meses invernales de Enero a Marzo acostumbro y recomiendo tener las parejas en jaulas peque\u00f1as para que, especialmente, las hembras se amansen, pues he comprobado que dej\u00e1ndolos todo el a\u00f1o en voladera se vuelven m\u00e1s ariscos. En el caso del macho no suele ser de importancia, pero s\u00ed lo ser\u00e1 en el de la hembra. El pinz\u00f3n es un p\u00e1jaro bastante receloso, en especial la hembra, que si no se siente segura, en el sitio que le hemos asignado para criar, no nos criar\u00e1. Tal vez construya el nido, lo desmonte, lo vuelva a montar, pero no pondr\u00e1 un solo huevo y si lo hace ni siquiera intentar\u00e1 incubarlos, por eso es importante que pasen el invierno en jaula peque\u00f1a para que cuando las pongamos en jaulas m\u00e1s grandes o voladeras se sientan m\u00e1s seguras y cr\u00eden.<\/p>\n<p>Desde principios de Enero, adem\u00e1s de la mixtura para pinzones y la pasta de insect\u00edvoros, comienzo a suministrar dos d\u00edas a la semana, por pareja, cinco \/ seis larvas de tenebrio \u00f3 llamados tambi\u00e9n gusanos de la harina, tambi\u00e9n en bizcochera aparte empiezo a ponerles germinado, compuesto por negrillo, pipa negra y ca\u00f1am\u00f3n, siendo esta \u00faltima semilla la que mejor comen.<\/p>\n<p>El tiempo va pasando, atr\u00e1s van quedando los fr\u00edos d\u00edas invernales con sus noches g\u00e9lidas y largas. Si nuestras aves hicieron una buena muda y entraron en la estaci\u00f3n invernal con una buena reserva de grasas , habr\u00e1n superado esta estaci\u00f3n sin problemas, pues el pinz\u00f3n es un p\u00e1jaro de zonas fr\u00edas y aguanta bien las bajas temperaturas y rigores invernales.<\/p>\n<div><img data-attachment-id=\"216\" data-permalink=\"https:\/\/faunaautoctona.com\/web\/el-pinzon-comun-mutado\/noveles\/\" data-orig-file=\"https:\/\/i0.wp.com\/faunaautoctona.com\/web\/wp-content\/uploads\/2017\/02\/noveles.jpg?fit=306%2C191&amp;ssl=1\" data-orig-size=\"306,191\" data-comments-opened=\"1\" data-image-meta=\"{&quot;aperture&quot;:&quot;0&quot;,&quot;credit&quot;:&quot;&quot;,&quot;camera&quot;:&quot;&quot;,&quot;caption&quot;:&quot;&quot;,&quot;created_timestamp&quot;:&quot;0&quot;,&quot;copyright&quot;:&quot;&quot;,&quot;focal_length&quot;:&quot;0&quot;,&quot;iso&quot;:&quot;0&quot;,&quot;shutter_speed&quot;:&quot;0&quot;,&quot;title&quot;:&quot;&quot;,&quot;orientation&quot;:&quot;0&quot;}\" data-image-title=\"noveles\" data-image-description=\"\" data-medium-file=\"https:\/\/i0.wp.com\/faunaautoctona.com\/web\/wp-content\/uploads\/2017\/02\/noveles.jpg?fit=300%2C187&amp;ssl=1\" data-large-file=\"https:\/\/i0.wp.com\/faunaautoctona.com\/web\/wp-content\/uploads\/2017\/02\/noveles.jpg?fit=306%2C191&amp;ssl=1\" loading=\"lazy\" class=\"aligncenter size-full wp-image-216\" src=\"https:\/\/i0.wp.com\/faunaautoctona.com\/web\/wp-content\/uploads\/2017\/02\/noveles.jpg?resize=306%2C191\" alt=\"\" width=\"306\" height=\"191\" srcset=\"https:\/\/i0.wp.com\/faunaautoctona.com\/web\/wp-content\/uploads\/2017\/02\/noveles.jpg?w=306&amp;ssl=1 306w, https:\/\/i0.wp.com\/faunaautoctona.com\/web\/wp-content\/uploads\/2017\/02\/noveles.jpg?resize=300%2C187&amp;ssl=1 300w\" sizes=\"(max-width: 306px) 100vw, 306px\" data-recalc-dims=\"1\" \/><\/div>\n<p>Lleg\u00f3 el mes de Marzo y con \u00e9l, el cambio de estaci\u00f3n. La primavera con su fuerza renovadora se empieza a hacer notar. Los machos ya empiezan con su potente canto a marcar su territorio. Es el momento de unir las parejas.<br \/>\nA finales de este mes los reproductores ya los pongo en la voladera que les he preparado para su reproducci\u00f3n. Esta ya tiene que tenerlo todo a punto: saltadores, porta nidos, ramas de camuflaje, refugios contra la lluvia, comederos, bebederos etc.<\/p>\n<p>Referente al portanidos prefiero los de caja abierta por la parte frontal, ya que el techo y los laterales protegen de la lluvia y tambi\u00e9n la hembra, cuando est\u00e1 incubando, puede defender mejor el nido y al estar este protegido por la parte superior los noveles de la cr\u00eda anterior no manchan los huevos. Pues la hembra acostumbra a poner sobre los diecisiete d\u00edas y los peque\u00f1os hace tres o cuatro d\u00edas que han abandonado el nido y a\u00fan tienen que estar con los padres hasta un d\u00eda antes de que salga la siguiente nidada. La hembra aunque est\u00e9 incubando sale y les da de comer, pues estos todav\u00eda no comen solos y hay machos que no colaboran mucho en la cr\u00eda.<br \/>\nLos portanidos, en el caso del pinz\u00f3n, los pongo siempre en sitio con sombra nunca que les d\u00e9 el sol directo, pues el pinz\u00f3n soporta mal el sol. Adem\u00e1s como la hembra sobre los ocho \/ diez d\u00edas ya se sale del nido los peque\u00f1os podr\u00edan morir de calor.<\/p>\n<div><img data-attachment-id=\"217\" data-permalink=\"https:\/\/faunaautoctona.com\/web\/el-pinzon-comun-mutado\/ancestral-2\/\" data-orig-file=\"https:\/\/i2.wp.com\/faunaautoctona.com\/web\/wp-content\/uploads\/2017\/02\/ancestral.jpg?fit=291%2C191&amp;ssl=1\" data-orig-size=\"291,191\" data-comments-opened=\"1\" data-image-meta=\"{&quot;aperture&quot;:&quot;0&quot;,&quot;credit&quot;:&quot;&quot;,&quot;camera&quot;:&quot;&quot;,&quot;caption&quot;:&quot;&quot;,&quot;created_timestamp&quot;:&quot;0&quot;,&quot;copyright&quot;:&quot;&quot;,&quot;focal_length&quot;:&quot;0&quot;,&quot;iso&quot;:&quot;0&quot;,&quot;shutter_speed&quot;:&quot;0&quot;,&quot;title&quot;:&quot;&quot;,&quot;orientation&quot;:&quot;0&quot;}\" data-image-title=\"ancestral\" data-image-description=\"\" data-medium-file=\"https:\/\/i2.wp.com\/faunaautoctona.com\/web\/wp-content\/uploads\/2017\/02\/ancestral.jpg?fit=291%2C191&amp;ssl=1\" data-large-file=\"https:\/\/i2.wp.com\/faunaautoctona.com\/web\/wp-content\/uploads\/2017\/02\/ancestral.jpg?fit=291%2C191&amp;ssl=1\" loading=\"lazy\" class=\"aligncenter size-full wp-image-217\" src=\"https:\/\/i2.wp.com\/faunaautoctona.com\/web\/wp-content\/uploads\/2017\/02\/ancestral.jpg?resize=291%2C191\" alt=\"\" width=\"291\" height=\"191\" data-recalc-dims=\"1\" \/><\/div>\n<p>Aprovecho el momento de echar los reproductores a la voladera para hacer una peque\u00f1a pero importante revisi\u00f3n de los ejemplares. A la hembra le arreglo el pico y las u\u00f1as por si son demasiado largas, ya sabemos que a veces son la causa de desagradables accidentes si el p\u00e1jaro se queda enganchado en el sitio menos pensado. En el caso del macho adem\u00e1s del pico y las u\u00f1as tambi\u00e9n le recorto un poco las plumas remeras de un ala pues es normal que al unir las parejas haya enfrentamientos entre el macho y la hembra y en estos casos es importante que el macho est\u00e9 un poco en desventaja, dado que en ocasiones las llegan a matar. Hay criadores que recortan bastante las remeras de ambas alas y tambi\u00e9n les funciona, pero yo personalmente prefiero que el macho vuele, pues hay machos que cr\u00edan bien, dan de comer a la hembra, a los peque\u00f1os e incluso alguno lo he visto limpiar el nido por este motivo s\u00f3lo les recorto un poco las remeras de un ala, para que pueda volar y colaborar en la cr\u00eda.<\/p>\n<p>Es importante conocer el car\u00e1cter de los machos. Los hay que no son tan buenos padres, pero algo tambi\u00e9n colaboran, en cambio hay otros que mejor que no puedan acceder al nido los primeros d\u00edas del nacimiento de los peque\u00f1os, pues los arrojan al suelo. Por ese motivo yo un d\u00eda antes de la eclosi\u00f3n de los huevos pongo el macho en una jaula peque\u00f1a, colgando esta dentro de la voladera para que el macho no pierda el v\u00ednculo con su hembra y su nido. Pasados siete d\u00edas si la hembra ha dado bien de comer, cosa que en esta temporada todas lo han hecho, los reci\u00e9n nacidos ya tienen buen tama\u00f1o, pues el pinz\u00f3n crece muy r\u00e1pido. Entonces dejo salir el macho de su jaula peque\u00f1a, como ya he dicho antes algunos colaboran muy bien en la cr\u00eda y otros no tanto, pero es importante que vuelva a cubrir a la hembra pues \u00e9sta a los catorce \/ quince d\u00edas comienza la siguiente puesta, y de esta manera estar\u00e1 fecundada.<\/p>\n<p>Apartando el macho estos primeros siete d\u00edas, nunca me he encontrado que me tiren los peque\u00f1os del nido, cosa que suele suceder si no separamos el macho.<\/p>\n<div><img data-attachment-id=\"218\" data-permalink=\"https:\/\/faunaautoctona.com\/web\/el-pinzon-comun-mutado\/opal\/\" data-orig-file=\"https:\/\/i0.wp.com\/faunaautoctona.com\/web\/wp-content\/uploads\/2017\/02\/opal.jpg?fit=285%2C191&amp;ssl=1\" data-orig-size=\"285,191\" data-comments-opened=\"1\" data-image-meta=\"{&quot;aperture&quot;:&quot;0&quot;,&quot;credit&quot;:&quot;&quot;,&quot;camera&quot;:&quot;&quot;,&quot;caption&quot;:&quot;&quot;,&quot;created_timestamp&quot;:&quot;0&quot;,&quot;copyright&quot;:&quot;&quot;,&quot;focal_length&quot;:&quot;0&quot;,&quot;iso&quot;:&quot;0&quot;,&quot;shutter_speed&quot;:&quot;0&quot;,&quot;title&quot;:&quot;&quot;,&quot;orientation&quot;:&quot;0&quot;}\" data-image-title=\"opal\" data-image-description=\"\" data-medium-file=\"https:\/\/i0.wp.com\/faunaautoctona.com\/web\/wp-content\/uploads\/2017\/02\/opal.jpg?fit=285%2C191&amp;ssl=1\" data-large-file=\"https:\/\/i0.wp.com\/faunaautoctona.com\/web\/wp-content\/uploads\/2017\/02\/opal.jpg?fit=285%2C191&amp;ssl=1\" loading=\"lazy\" class=\"aligncenter size-full wp-image-218\" src=\"https:\/\/i0.wp.com\/faunaautoctona.com\/web\/wp-content\/uploads\/2017\/02\/opal.jpg?resize=285%2C191\" alt=\"\" width=\"285\" height=\"191\" data-recalc-dims=\"1\" \/><\/div>\n<p>Estamos ya en el mes de Mayo, las cuatro parejas que prepar\u00e9 ya est\u00e1n con sus nidos construidos y realizando su primera puesta de cuatro y cinco huevos por pareja. Las hembras a partir del tercer huevo empiezan a incubar. Los machos ya no cesan de cantar, marcando su territorio de cr\u00eda. En la dieta, desde el momento en que la hembra empieza a incubar, no deben faltar insectos tipo \u201clarvas b\u00fafalo\u201d y \u201cpinkis\u201d pues en estas fechas tanto el macho como la hembra, pr\u00e1cticamente, es de lo que se alimentan y \u00e9ste tambi\u00e9n ser\u00e1 el alimento principal de los reci\u00e9n nacidos. Los huevos eclosionan a los doce \/ trece d\u00edas. Procuro poner en la jaula peque\u00f1a al macho el d\u00eda antes del nacimiento para no correr riesgos de que arroje los peque\u00f1os del nido.<\/p>\n<p>Todas las parejas sacaron bien esta primera postura, excepto una de ellas que los huevos no estaban fecundados. Esta la dej\u00e9 que siguiera incubando por si la necesitaba de nodriza.<\/p>\n<p>Una norma importante a tener en cuenta es que a las hembras de pinz\u00f3n no se les deben cambiar los huevos pues enseguida se dan cuenta del cambio y los tiran o abandonan el nido, pero sin embargo aceptan sin problema pajarillos de otra pareja de pinzones. La hembra que tuvo huevos claros los estuvo incubando unas tres semanas, pasadas las cuales le puse un pinz\u00f3n reci\u00e9n nacido de otra hembra de pinz\u00f3n. S\u00f3lo le puse uno para probar que tal lo aceptar\u00eda, pues en otras ocasiones le hab\u00eda puesto alg\u00fan huevo y lo hab\u00eda tirado del nido. Pens\u00e9 que con el pajarillo ser\u00eda muy posible que hiciese lo mismo, pero la sorpresa fue m\u00eda al ver que al regresar al nido y ver el peque\u00f1o pinz\u00f3n volvi\u00f3 a la bizcochera por insectos y empez\u00f3 a darle como si fuese suyo. Pasaron cinco d\u00edas y el peque\u00f1o se desarrollaba estupendamente, quise hacer una prueba m\u00e1s, pasar otro hermano de este a ver si tambi\u00e9n lo aceptar\u00eda, efectivamente, tambi\u00e9n lo acept\u00f3 sin ning\u00fan problema. Estos saltaron del nido a su tiempo y se independizaron sin ning\u00fan problema. A partir de esta experiencia, en las segundas nidadas, cuando alg\u00fan pajarillo se retrasaba no dudaba en pas\u00e1rselo a otra pinzona que tuviera peque\u00f1os de su mismo tama\u00f1o, para que a la hora de comer estuviera en igualdad de condiciones, pues cuando uno se retrasa y queda m\u00e1s peque\u00f1o que sus hermanos de nidada estos levantan m\u00e1s el cuello y acaparan todo el alimento y este acaba muriendo.<\/p>\n<div><img data-attachment-id=\"219\" data-permalink=\"https:\/\/faunaautoctona.com\/web\/el-pinzon-comun-mutado\/agata\/\" data-orig-file=\"https:\/\/i2.wp.com\/faunaautoctona.com\/web\/wp-content\/uploads\/2017\/02\/agata.jpg?fit=301%2C179&amp;ssl=1\" data-orig-size=\"301,179\" data-comments-opened=\"1\" data-image-meta=\"{&quot;aperture&quot;:&quot;0&quot;,&quot;credit&quot;:&quot;&quot;,&quot;camera&quot;:&quot;&quot;,&quot;caption&quot;:&quot;&quot;,&quot;created_timestamp&quot;:&quot;0&quot;,&quot;copyright&quot;:&quot;&quot;,&quot;focal_length&quot;:&quot;0&quot;,&quot;iso&quot;:&quot;0&quot;,&quot;shutter_speed&quot;:&quot;0&quot;,&quot;title&quot;:&quot;&quot;,&quot;orientation&quot;:&quot;0&quot;}\" data-image-title=\"agata\" data-image-description=\"\" data-medium-file=\"https:\/\/i2.wp.com\/faunaautoctona.com\/web\/wp-content\/uploads\/2017\/02\/agata.jpg?fit=300%2C178&amp;ssl=1\" data-large-file=\"https:\/\/i2.wp.com\/faunaautoctona.com\/web\/wp-content\/uploads\/2017\/02\/agata.jpg?fit=301%2C179&amp;ssl=1\" loading=\"lazy\" class=\"aligncenter size-full wp-image-219\" src=\"https:\/\/i2.wp.com\/faunaautoctona.com\/web\/wp-content\/uploads\/2017\/02\/agata.jpg?resize=301%2C179\" alt=\"\" width=\"301\" height=\"179\" srcset=\"https:\/\/i2.wp.com\/faunaautoctona.com\/web\/wp-content\/uploads\/2017\/02\/agata.jpg?w=301&amp;ssl=1 301w, https:\/\/i2.wp.com\/faunaautoctona.com\/web\/wp-content\/uploads\/2017\/02\/agata.jpg?resize=300%2C178&amp;ssl=1 300w\" sizes=\"(max-width: 301px) 100vw, 301px\" data-recalc-dims=\"1\" \/><\/div>\n<p>El d\u00eda se\u00f1alado del nacimiento reviso, a primeras horas de la ma\u00f1ana, el fondo de las voladeras. En esta ocasi\u00f3n me encontr\u00e9 dos pajarillos en el suelo, afortunadamente a\u00fan estaban vivos. El macho no pudo ser ya que se encontraba desde el d\u00eda anterior en la jaula peque\u00f1a, por lo tanto tuvo que ser la hembra, quiz\u00e1s por inexperiencia en su primera cr\u00eda. Hab\u00eda que devolver r\u00e1pidamente los peque\u00f1os al nido, pero una pinzona no se debe sacar del nido a la fuerza como a veces hacemos con las canarias, pues pueden abandonar el nido. Lo mejor es ponerles algo en el comedero que les llam\u00e9 la atenci\u00f3n con el fin de que salga del nido y aprovech\u00e9 este momento para devolver los peque\u00f1os. La hembra volvi\u00f3 enseguida al nido con algunos insectos en su pico y observ\u00e9 c\u00f3mo les daba de comer. Seis d\u00edas despu\u00e9s, ya con los peque\u00f1os anillados, solt\u00e9 al macho al igual que con las otras parejas, no hubo ning\u00fan problema por parte de los machos ni de los pajarillos nacidos. Todos llegaron a saltar del nido sobre los catorce \/ quince d\u00edas. En estos momentos, es cuando m\u00e1s cantidad de insectos consumen. Acostumbro a ponerles por la ma\u00f1ana temprano, al medio d\u00eda y por la tarde, acompa\u00f1ados de germinado, verde, y mixtura, aunque esta \u00faltima pr\u00e1cticamente ni la prueban.<\/p>\n<p>La pinzona iniciar\u00e1 una siguiente cr\u00eda muy r\u00e1pido, a veces saltar los peque\u00f1os de la primera puesta del nido y comenzar la siguiente puesta. Acostumbran a ser muy buenas madres, llevan a cabo la incubaci\u00f3n y acaban de criar los peque\u00f1os de la nidada anterior todo a la vez. Si tenemos la suerte que el macho tambi\u00e9n colabore en la ceba de los peque\u00f1os, \u00e9stos sobre los veinticinco d\u00edas ya comen solos. Hay que separarlos ya, pues la siguiente puesta est\u00e1 a punto de nacer y la hembra estar\u00e1 muy ocupada con su nueva prole.<\/p>\n<p>Cuando los separo procuro poner muy visibles el agua y la comida. Esta la pongo en bizcocheras abiertas y separados los ingredientes, en la bizcochera de larvas s\u00f3lo larvas, en la de germinado s\u00f3lo germinado, en otra bizcochera pongo mixtura para pinzones y en la cuarta bizcochera pasta seca de insect\u00edvoros. El agua es muy importante que la encuentren enseguida. El primer d\u00eda acostumbro a ponerles un recipiente en un rinc\u00f3n de la jaula, adem\u00e1s del bebedero correspondiente. Procuro que el color y modelo del bebedero sea el mismo que ten\u00edan en la voladera pues as\u00ed enseguida lo encuentran.<\/p>\n<p>Al separar los peque\u00f1os de los padres los pongo juntos por nidadas en jaulas de 50 cm. De esta manera enseguida se amansan y al seguir la nidada junta me parece que no extra\u00f1an tanto el cambio y cuando uno va a comer a una bizcochera los hermanos enseguida lo imitan. Poco a poco voy retirando los insectos y el germinado hasta dejarlos s\u00f3lo con la mixtura, la pasta seca de insect\u00edvoros y algo de verde .La armon\u00eda de familia dura poco, pues sobre los dos meses de vida ya hay alg\u00fan macho que empieza a demostrar su territorialidad y se hace el amo de la jaula y empieza a picotear y arrancar plumas a sus hermanos m\u00e1s d\u00e9biles. Hay que apartar ya los machos en jaula peque\u00f1a e individual, de esta forma tambi\u00e9n conseguiremos que sean m\u00e1s d\u00f3ciles y tendr\u00e1n una muda sin inconvenientes de picaje, cosa que se produce cuando hay varios ejemplares juntos. Las hembras pueden seguir juntas, puesto que son algo m\u00e1s tolerantes.<\/p>\n<p>Mientras tanto en las voladeras se repite una nueva nidada y en ocasiones una tercera, aunque \u00e9sta ya no es muy aconsejable pues las hembras quedan bastante agotadas si han subido nidadas de tres o cuatro peque\u00f1os. Un promedio de seis \/ siete por pareja est\u00e1 muy bien. Creo que es bueno que las hembras entren en muda recuperadas de la cr\u00eda, pues una buena hembra si la cuidamos nos dar\u00e1 muchas satisfacciones en temporadas siguientes y si la explotamos demasiado podemos en la muda quedarnos sin ella.<br \/>\nTodo esto ha sido realmente mi temporada de cr\u00eda del a\u00f1o 2009.<\/p>\n<p>S\u00e9 que habr\u00e1 sistemas mejores y m\u00e1s sofisticados, pero a m\u00ed me ha funcionado bien as\u00ed. Espero que a alguno de los que est\u00e9is leyendo este art\u00edculo os haya podido despejar alguna duda y que tambi\u00e9n os funcione este sistema. Y a los que os guste leer sobre las aves y la naturaleza que hay\u00e1is pasado un rato agradable.<br \/>\nHasta pronto.<\/p>\n<div>Manuel <span class=\"posthilit\">Zarza<\/span>.<\/div>\n<\/div>\n<div id=\"sig773\" class=\"signature\"><\/div>\n<\/div>\n<dl id=\"profile773\" class=\"postprofile\">\n<dd><\/dd>\n<\/dl>\n","protected":false},"excerpt":{"rendered":"<p>Lat\u00edn: Fringilla coelebs Castellano: pinz\u00f3n com\u00fan Catal\u00e1n: pins\u00e0 com\u00fa Gallego: Pimp\u00edn com\u00fan Eusquera: Txonta arrunt Historial de una temporada de cr\u00eda Principios de Enero del a\u00f1o 2009. El a\u00f1o ha comenzado con bastantes d\u00edas de lluvia, como consecuencia d\u00edas oscuros, cortos y fr\u00edos. Como cada a\u00f1o, en estas fechas empiezo a preparar mis parejas reproductoras &hellip; <a href=\"https:\/\/faunaautoctona.com\/web\/el-pinzon-comun-mutado\/\" class=\"more-link\">Seguir leyendo <span class=\"screen-reader-text\">EL PINZON COMUN MUTADO<\/span> <span class=\"meta-nav\">&rarr;<\/span><\/a><\/p>\n","protected":false},"author":1,"featured_media":0,"parent":0,"menu_order":0,"comment_status":"closed","ping_status":"closed","template":"","meta":{"spay_email":""},"yoast_head":"<!-- This site is optimized with the Yoast SEO plugin v14.9 - https:\/\/yoast.com\/wordpress\/plugins\/seo\/ -->\n<meta name=\"robots\" content=\"index, follow, max-snippet:-1, max-image-preview:large, max-video-preview:-1\" \/>\n<link rel=\"canonical\" href=\"http:\/\/faunaautoctona.com\/web\/el-pinzon-comun-mutado\/\" \/>\n<meta property=\"og:locale\" content=\"es_ES\" \/>\n<meta property=\"og:type\" content=\"article\" \/>\n<meta property=\"og:title\" content=\"EL PINZON COMUN MUTADO - My CMS\" \/>\n<meta property=\"og:description\" content=\"Lat\u00edn: Fringilla coelebs Castellano: pinz\u00f3n com\u00fan Catal\u00e1n: pins\u00e0 com\u00fa Gallego: Pimp\u00edn com\u00fan Eusquera: Txonta arrunt Historial de una temporada de cr\u00eda Principios de Enero del a\u00f1o 2009. El a\u00f1o ha comenzado con bastantes d\u00edas de lluvia, como consecuencia d\u00edas oscuros, cortos y fr\u00edos. Como cada a\u00f1o, en estas fechas empiezo a preparar mis parejas reproductoras &hellip; Seguir leyendo EL PINZON COMUN MUTADO &rarr;\" \/>\n<meta property=\"og:url\" content=\"http:\/\/faunaautoctona.com\/web\/el-pinzon-comun-mutado\/\" \/>\n<meta property=\"og:site_name\" content=\"My CMS\" \/>\n<meta property=\"article:publisher\" content=\"https:\/\/www.facebook.com\/groups\/1798967427016765\/?fref=nf\" \/>\n<meta property=\"article:modified_time\" content=\"2017-02-26T17:38:49+00:00\" \/>\n<meta property=\"og:image\" content=\"http:\/\/faunaautoctona.com\/web\/wp-content\/uploads\/2017\/02\/isabela.jpg\" \/>\n<meta name=\"twitter:card\" content=\"summary\" \/>\n<script type=\"application\/ld+json\" class=\"yoast-schema-graph\">{\"@context\":\"https:\/\/schema.org\",\"@graph\":[{\"@type\":\"WebSite\",\"@id\":\"https:\/\/faunaautoctona.com\/web\/#website\",\"url\":\"https:\/\/faunaautoctona.com\/web\/\",\"name\":\"My CMS\",\"description\":\"Tu Sociedad\",\"potentialAction\":[{\"@type\":\"SearchAction\",\"target\":\"https:\/\/faunaautoctona.com\/web\/?s={search_term_string}\",\"query-input\":\"required name=search_term_string\"}],\"inLanguage\":\"es\"},{\"@type\":\"ImageObject\",\"@id\":\"http:\/\/faunaautoctona.com\/web\/el-pinzon-comun-mutado\/#primaryimage\",\"inLanguage\":\"es\",\"url\":\"http:\/\/faunaautoctona.com\/web\/wp-content\/uploads\/2017\/02\/isabela.jpg\"},{\"@type\":\"WebPage\",\"@id\":\"http:\/\/faunaautoctona.com\/web\/el-pinzon-comun-mutado\/#webpage\",\"url\":\"http:\/\/faunaautoctona.com\/web\/el-pinzon-comun-mutado\/\",\"name\":\"EL PINZON COMUN MUTADO - My CMS\",\"isPartOf\":{\"@id\":\"https:\/\/faunaautoctona.com\/web\/#website\"},\"primaryImageOfPage\":{\"@id\":\"http:\/\/faunaautoctona.com\/web\/el-pinzon-comun-mutado\/#primaryimage\"},\"datePublished\":\"2017-02-25T21:41:18+00:00\",\"dateModified\":\"2017-02-26T17:38:49+00:00\",\"inLanguage\":\"es\",\"potentialAction\":[{\"@type\":\"ReadAction\",\"target\":[\"http:\/\/faunaautoctona.com\/web\/el-pinzon-comun-mutado\/\"]}]}]}<\/script>\n<!-- \/ Yoast SEO plugin. -->","jetpack_sharing_enabled":true,"jetpack_shortlink":"https:\/\/wp.me\/P8t81g-3q","jetpack-related-posts":[],"_links":{"self":[{"href":"https:\/\/faunaautoctona.com\/web\/wp-json\/wp\/v2\/pages\/212"}],"collection":[{"href":"https:\/\/faunaautoctona.com\/web\/wp-json\/wp\/v2\/pages"}],"about":[{"href":"https:\/\/faunaautoctona.com\/web\/wp-json\/wp\/v2\/types\/page"}],"author":[{"embeddable":true,"href":"https:\/\/faunaautoctona.com\/web\/wp-json\/wp\/v2\/users\/1"}],"replies":[{"embeddable":true,"href":"https:\/\/faunaautoctona.com\/web\/wp-json\/wp\/v2\/comments?post=212"}],"version-history":[{"count":2,"href":"https:\/\/faunaautoctona.com\/web\/wp-json\/wp\/v2\/pages\/212\/revisions"}],"predecessor-version":[{"id":220,"href":"https:\/\/faunaautoctona.com\/web\/wp-json\/wp\/v2\/pages\/212\/revisions\/220"}],"wp:attachment":[{"href":"https:\/\/faunaautoctona.com\/web\/wp-json\/wp\/v2\/media?parent=212"}],"curies":[{"name":"wp","href":"https:\/\/api.w.org\/{rel}","templated":true}]}}