{"id":64,"date":"2017-02-18T21:02:03","date_gmt":"2017-02-18T21:02:03","guid":{"rendered":"http:\/\/faunaautoctona.com\/web\/?page_id=64"},"modified":"2017-02-19T17:56:05","modified_gmt":"2017-02-19T17:56:05","slug":"proyecto","status":"publish","type":"page","link":"https:\/\/faunaautoctona.com\/web\/proyecto\/","title":{"rendered":"Proyecto"},"content":{"rendered":"<p><img data-attachment-id=\"97\" data-permalink=\"https:\/\/faunaautoctona.com\/web\/proyecto\/cartel-jpg\/\" data-orig-file=\"https:\/\/i2.wp.com\/faunaautoctona.com\/web\/wp-content\/uploads\/2017\/02\/cartel-jpg.jpg?fit=1241%2C877&amp;ssl=1\" data-orig-size=\"1241,877\" data-comments-opened=\"1\" data-image-meta=\"{&quot;aperture&quot;:&quot;0&quot;,&quot;credit&quot;:&quot;&quot;,&quot;camera&quot;:&quot;&quot;,&quot;caption&quot;:&quot;&quot;,&quot;created_timestamp&quot;:&quot;0&quot;,&quot;copyright&quot;:&quot;&quot;,&quot;focal_length&quot;:&quot;0&quot;,&quot;iso&quot;:&quot;0&quot;,&quot;shutter_speed&quot;:&quot;0&quot;,&quot;title&quot;:&quot;&quot;,&quot;orientation&quot;:&quot;0&quot;}\" data-image-title=\"cartel-jpg\" data-image-description=\"\" data-medium-file=\"https:\/\/i2.wp.com\/faunaautoctona.com\/web\/wp-content\/uploads\/2017\/02\/cartel-jpg.jpg?fit=300%2C212&amp;ssl=1\" data-large-file=\"https:\/\/i2.wp.com\/faunaautoctona.com\/web\/wp-content\/uploads\/2017\/02\/cartel-jpg.jpg?fit=604%2C427&amp;ssl=1\" loading=\"lazy\" class=\"wp-image-97 alignnone\" src=\"https:\/\/i2.wp.com\/faunaautoctona.com\/web\/wp-content\/uploads\/2017\/02\/cartel-jpg.jpg?resize=604%2C427\" alt=\"\" width=\"604\" height=\"427\" srcset=\"https:\/\/i2.wp.com\/faunaautoctona.com\/web\/wp-content\/uploads\/2017\/02\/cartel-jpg.jpg?resize=300%2C212&amp;ssl=1 300w, https:\/\/i2.wp.com\/faunaautoctona.com\/web\/wp-content\/uploads\/2017\/02\/cartel-jpg.jpg?resize=768%2C543&amp;ssl=1 768w, https:\/\/i2.wp.com\/faunaautoctona.com\/web\/wp-content\/uploads\/2017\/02\/cartel-jpg.jpg?resize=1024%2C724&amp;ssl=1 1024w, https:\/\/i2.wp.com\/faunaautoctona.com\/web\/wp-content\/uploads\/2017\/02\/cartel-jpg.jpg?w=1241&amp;ssl=1 1241w\" sizes=\"(max-width: 604px) 100vw, 604px\" data-recalc-dims=\"1\" \/><\/p>\n<p style=\"text-align: center;\">La Cr\u00eda de Especies Silvestres con anilla y sin infringir las Leyes.<br \/>\n&#8212;<br \/>\nDefensa de la Naturaleza, mediante reproducci\u00f3n en cautividad<br \/>\n&#8212;<br \/>\nPromoci\u00f3n y divulgaci\u00f3n Ornitol\u00f3gica, Fomentando la Protecci\u00f3n de los p\u00e1jaros y aves de todo tipo.<br \/>\n&#8212;<br \/>\nFomentar la Protecci\u00f3n del medio natural que envuelven los p\u00e1jaros<br \/>\n&#8212;<br \/>\nReproducci\u00f3n de toda clase de p\u00e1jaros en cautividad, Protegiendo las especies actuales en todas sus variantes<br \/>\n&#8212;<br \/>\nHibridaci\u00f3n actuales de especies en la b\u00fasqueda y experimentaci\u00f3n para reproducir nuevas variantes de p\u00e1jaros.<br \/>\n&#8212;<br \/>\nEstudio y Promoci\u00f3n de p\u00e1jaros tanto en cautividad como en el Medio Ambiente<br \/>\n&#8212;<br \/>\nPromover y difundir esta afici\u00f3n a otras personas o entidades<\/p>\n","protected":false},"excerpt":{"rendered":"<p>La Cr\u00eda de Especies Silvestres con anilla y sin infringir las Leyes. &#8212; Defensa de la Naturaleza, mediante reproducci\u00f3n en cautividad &#8212; Promoci\u00f3n y divulgaci\u00f3n Ornitol\u00f3gica, Fomentando la Protecci\u00f3n de los p\u00e1jaros y aves de todo tipo. &#8212; Fomentar la Protecci\u00f3n del medio natural que envuelven los p\u00e1jaros &#8212; Reproducci\u00f3n de toda clase de p\u00e1jaros &hellip; <a href=\"https:\/\/faunaautoctona.com\/web\/proyecto\/\" class=\"more-link\">Seguir leyendo <span class=\"screen-reader-text\">Proyecto<\/span> <span class=\"meta-nav\">&rarr;<\/span><\/a><\/p>\n","protected":false},"author":1,"featured_media":0,"parent":0,"menu_order":0,"comment_status":"closed","ping_status":"closed","template":"","meta":{"spay_email":""},"yoast_head":"<!-- This site is optimized with the Yoast SEO plugin v14.9 - https:\/\/yoast.com\/wordpress\/plugins\/seo\/ -->\n<meta name=\"robots\" content=\"index, follow, max-snippet:-1, max-image-preview:large, max-video-preview:-1\" \/>\n<link rel=\"canonical\" href=\"http:\/\/faunaautoctona.com\/web\/proyecto\/\" \/>\n<meta property=\"og:locale\" content=\"es_ES\" \/>\n<meta property=\"og:type\" content=\"article\" \/>\n<meta property=\"og:title\" content=\"Proyecto - My CMS\" \/>\n<meta property=\"og:description\" content=\"La Cr\u00eda de Especies Silvestres con anilla y sin infringir las Leyes. &#8212; Defensa de la Naturaleza, mediante reproducci\u00f3n en cautividad &#8212; Promoci\u00f3n y divulgaci\u00f3n Ornitol\u00f3gica, Fomentando la Protecci\u00f3n de los p\u00e1jaros y aves de todo tipo. &#8212; Fomentar la Protecci\u00f3n del medio natural que envuelven los p\u00e1jaros &#8212; Reproducci\u00f3n de toda clase de p\u00e1jaros &hellip; Seguir leyendo Proyecto &rarr;\" \/>\n<meta property=\"og:url\" content=\"http:\/\/faunaautoctona.com\/web\/proyecto\/\" \/>\n<meta property=\"og:site_name\" content=\"My CMS\" \/>\n<meta property=\"article:publisher\" content=\"https:\/\/www.facebook.com\/groups\/1798967427016765\/?fref=nf\" \/>\n<meta property=\"article:modified_time\" content=\"2017-02-19T17:56:05+00:00\" \/>\n<meta property=\"og:image\" content=\"http:\/\/faunaautoctona.com\/web\/wp-content\/uploads\/2017\/02\/cartel-jpg-300x212.jpg\" \/>\n<meta name=\"twitter:card\" content=\"summary\" \/>\n<script type=\"application\/ld+json\" class=\"yoast-schema-graph\">{\"@context\":\"https:\/\/schema.org\",\"@graph\":[{\"@type\":\"WebSite\",\"@id\":\"https:\/\/faunaautoctona.com\/web\/#website\",\"url\":\"https:\/\/faunaautoctona.com\/web\/\",\"name\":\"My CMS\",\"description\":\"Tu Sociedad\",\"potentialAction\":[{\"@type\":\"SearchAction\",\"target\":\"https:\/\/faunaautoctona.com\/web\/?s={search_term_string}\",\"query-input\":\"required name=search_term_string\"}],\"inLanguage\":\"es\"},{\"@type\":\"ImageObject\",\"@id\":\"http:\/\/faunaautoctona.com\/web\/proyecto\/#primaryimage\",\"inLanguage\":\"es\",\"url\":\"http:\/\/faunaautoctona.com\/web\/wp-content\/uploads\/2017\/02\/cartel-jpg-300x212.jpg\"},{\"@type\":\"WebPage\",\"@id\":\"http:\/\/faunaautoctona.com\/web\/proyecto\/#webpage\",\"url\":\"http:\/\/faunaautoctona.com\/web\/proyecto\/\",\"name\":\"Proyecto - My CMS\",\"isPartOf\":{\"@id\":\"https:\/\/faunaautoctona.com\/web\/#website\"},\"primaryImageOfPage\":{\"@id\":\"http:\/\/faunaautoctona.com\/web\/proyecto\/#primaryimage\"},\"datePublished\":\"2017-02-18T21:02:03+00:00\",\"dateModified\":\"2017-02-19T17:56:05+00:00\",\"inLanguage\":\"es\",\"potentialAction\":[{\"@type\":\"ReadAction\",\"target\":[\"http:\/\/faunaautoctona.com\/web\/proyecto\/\"]}]}]}<\/script>\n<!-- \/ Yoast SEO plugin. -->","jetpack_sharing_enabled":true,"jetpack_shortlink":"https:\/\/wp.me\/P8t81g-12","jetpack-related-posts":[],"_links":{"self":[{"href":"https:\/\/faunaautoctona.com\/web\/wp-json\/wp\/v2\/pages\/64"}],"collection":[{"href":"https:\/\/faunaautoctona.com\/web\/wp-json\/wp\/v2\/pages"}],"about":[{"href":"https:\/\/faunaautoctona.com\/web\/wp-json\/wp\/v2\/types\/page"}],"author":[{"embeddable":true,"href":"https:\/\/faunaautoctona.com\/web\/wp-json\/wp\/v2\/users\/1"}],"replies":[{"embeddable":true,"href":"https:\/\/faunaautoctona.com\/web\/wp-json\/wp\/v2\/comments?post=64"}],"version-history":[{"count":7,"href":"https:\/\/faunaautoctona.com\/web\/wp-json\/wp\/v2\/pages\/64\/revisions"}],"predecessor-version":[{"id":101,"href":"https:\/\/faunaautoctona.com\/web\/wp-json\/wp\/v2\/pages\/64\/revisions\/101"}],"wp:attachment":[{"href":"https:\/\/faunaautoctona.com\/web\/wp-json\/wp\/v2\/media?parent=64"}],"curies":[{"name":"wp","href":"https:\/\/api.w.org\/{rel}","templated":true}]}}