{"id":529,"date":"2017-05-13T18:01:38","date_gmt":"2017-05-13T18:01:38","guid":{"rendered":"http:\/\/faunaautoctona.com\/web\/?post_type=product&#038;p=529"},"modified":"2020-09-13T08:43:40","modified_gmt":"2020-09-13T08:43:40","slug":"anillas-2021-minimas-50","status":"publish","type":"product","link":"https:\/\/faunaautoctona.com\/web\/producto\/anillas-2021-minimas-50\/","title":{"rendered":"Anillas 2021 (m\u00ednimas 50)"},"content":{"rendered":"<p>Es el pedido m\u00ednimo por a\u00f1o de anillas.<\/p>\n<p>se puede elegir dos tipos de calibre si nos lo pides en notas de pedido,<\/p>\n<p>pudiendo elegir 20 (de un calibre ) y 30 (de otro calibre) como m\u00ednimo.<\/p>\n<p>&nbsp;<\/p>\n","protected":false},"excerpt":{"rendered":"<p>Es el pedido m\u00ednimo por a\u00f1o de anillas.<\/p>\n<p>se puede elegir dos tipos de calibre si nos lo pides en notas de pedido,<\/p>\n<p>pudiendo elegir 20 (de un calibre ) y 30 (de otro calibre) como m\u00ednimo.<\/p>\n","protected":false},"featured_media":535,"comment_status":"open","ping_status":"closed","template":"","meta":{"spay_email":"","jetpack_publicize_message":""},"jetpack_publicize_connections":[],"yoast_head":"<!-- This site is optimized with the Yoast SEO plugin v14.9 - https:\/\/yoast.com\/wordpress\/plugins\/seo\/ -->\n<meta name=\"robots\" content=\"index, follow, max-snippet:-1, max-image-preview:large, max-video-preview:-1\" \/>\n<link rel=\"canonical\" href=\"http:\/\/faunaautoctona.com\/web\/producto\/anillas-2021-minimas-50\/\" \/>\n<meta property=\"og:locale\" content=\"es_ES\" \/>\n<meta property=\"og:type\" content=\"article\" \/>\n<meta property=\"og:title\" content=\"Anillas 2021 (m\u00ednimas 50) - My CMS\" \/>\n<meta property=\"og:description\" content=\"Es el pedido m\u00ednimo por a\u00f1o de anillas.  se puede elegir dos tipos de calibre si nos lo pides en notas de pedido,  pudiendo elegir 20 (de un calibre ) y 30 (de otro calibre) como m\u00ednimo.\" \/>\n<meta property=\"og:url\" content=\"http:\/\/faunaautoctona.com\/web\/producto\/anillas-2021-minimas-50\/\" \/>\n<meta property=\"og:site_name\" content=\"My CMS\" \/>\n<meta property=\"article:publisher\" content=\"https:\/\/www.facebook.com\/groups\/1798967427016765\/?fref=nf\" \/>\n<meta property=\"article:modified_time\" content=\"2020-09-13T08:43:40+00:00\" \/>\n<meta property=\"og:image\" content=\"https:\/\/i1.wp.com\/faunaautoctona.com\/web\/wp-content\/uploads\/2017\/05\/anillas.jpg?fit=400%2C282&#038;ssl=1\" \/>\n\t<meta property=\"og:image:width\" content=\"400\" \/>\n\t<meta property=\"og:image:height\" content=\"282\" \/>\n<meta name=\"twitter:card\" content=\"summary\" \/>\n<script type=\"application\/ld+json\" class=\"yoast-schema-graph\">{\"@context\":\"https:\/\/schema.org\",\"@graph\":[{\"@type\":\"WebSite\",\"@id\":\"https:\/\/faunaautoctona.com\/web\/#website\",\"url\":\"https:\/\/faunaautoctona.com\/web\/\",\"name\":\"My CMS\",\"description\":\"Tu Sociedad\",\"potentialAction\":[{\"@type\":\"SearchAction\",\"target\":\"https:\/\/faunaautoctona.com\/web\/?s={search_term_string}\",\"query-input\":\"required name=search_term_string\"}],\"inLanguage\":\"es\"},{\"@type\":\"ImageObject\",\"@id\":\"http:\/\/faunaautoctona.com\/web\/producto\/anillas-2021-minimas-50\/#primaryimage\",\"inLanguage\":\"es\",\"url\":\"https:\/\/i1.wp.com\/faunaautoctona.com\/web\/wp-content\/uploads\/2017\/05\/anillas.jpg?fit=400%2C282&ssl=1\",\"width\":400,\"height\":282},{\"@type\":\"WebPage\",\"@id\":\"http:\/\/faunaautoctona.com\/web\/producto\/anillas-2021-minimas-50\/#webpage\",\"url\":\"http:\/\/faunaautoctona.com\/web\/producto\/anillas-2021-minimas-50\/\",\"name\":\"Anillas 2021 (m\\u00ednimas 50) - My CMS\",\"isPartOf\":{\"@id\":\"https:\/\/faunaautoctona.com\/web\/#website\"},\"primaryImageOfPage\":{\"@id\":\"http:\/\/faunaautoctona.com\/web\/producto\/anillas-2021-minimas-50\/#primaryimage\"},\"datePublished\":\"2017-05-13T18:01:38+00:00\",\"dateModified\":\"2020-09-13T08:43:40+00:00\",\"inLanguage\":\"es\",\"potentialAction\":[{\"@type\":\"ReadAction\",\"target\":[\"http:\/\/faunaautoctona.com\/web\/producto\/anillas-2021-minimas-50\/\"]}]}]}<\/script>\n<!-- \/ Yoast SEO plugin. -->","jetpack_sharing_enabled":true,"jetpack-related-posts":[],"_links":{"self":[{"href":"https:\/\/faunaautoctona.com\/web\/wp-json\/wp\/v2\/product\/529"}],"collection":[{"href":"https:\/\/faunaautoctona.com\/web\/wp-json\/wp\/v2\/product"}],"about":[{"href":"https:\/\/faunaautoctona.com\/web\/wp-json\/wp\/v2\/types\/product"}],"replies":[{"embeddable":true,"href":"https:\/\/faunaautoctona.com\/web\/wp-json\/wp\/v2\/comments?post=529"}],"wp:featuredmedia":[{"embeddable":true,"href":"https:\/\/faunaautoctona.com\/web\/wp-json\/wp\/v2\/media\/535"}],"wp:attachment":[{"href":"https:\/\/faunaautoctona.com\/web\/wp-json\/wp\/v2\/media?parent=529"}],"curies":[{"name":"wp","href":"https:\/\/api.w.org\/{rel}","templated":true}]}}